{"id":20982,"date":"2025-10-16T10:17:16","date_gmt":"2025-10-16T10:17:16","guid":{"rendered":"http:\/\/art-galaxy.com\/goruntu-olustur\/"},"modified":"2025-11-13T13:16:02","modified_gmt":"2025-11-13T13:16:02","slug":"goruntu-olustur","status":"publish","type":"page","link":"https:\/\/art-galaxy.com\/tr\/goruntu-olustur\/","title":{"rendered":"G\u00f6r\u00fcnt\u00fc Olu\u015ftur"},"content":{"rendered":"\t\t<div data-elementor-type=\"wp-page\" data-elementor-id=\"20982\" class=\"elementor elementor-20982 elementor-15564\" data-elementor-post-type=\"page\">\n\t\t\t\t<div class=\"elementor-element elementor-element-25529d9 e-con-full e-flex pxl-row-scroll-none pxl-column-none pxl-full-content-with-space-none e-con e-parent \" data-id=\"25529d9\" data-element_type=\"container\">\t\t<div class=\"elementor-element elementor-element-3d366d4 elementor-widget elementor-widget-pxl_heading\" data-id=\"3d366d4\" data-element_type=\"widget\" data-widget_type=\"pxl_heading.default\">\n\t\t\t\t<div class=\"elementor-widget-container\">\n\t\t\t\t\t\n<div id=\"pxl-pxl_heading-3d366d4-3853\" \n\tclass=\"pxl-heading  px-sub-title-default style-default-style \" \n\tdata-pxl-parallax='{&quot;x&quot;:0,&quot;y&quot;:0,&quot;z&quot;:0}'>\n\t<div class=\"pxl-heading--inner\">\n\t\t\n\t\t<h3 class=\"pxl-item--title pxl-split-text style-default ft-six  split-hero \" data-wow-delay=\"ms\" data-setting=\"\">\n\t\t\t\t\tBenzersiz Yapay Zeka Sanat\u0131 Yarat\u0131n\t\n\t\t\t\n\t\t<\/h3>\n\n\t<\/div>\n<\/div>\t\t\t\t<\/div>\n\t\t\t\t<\/div>\n\t\t\t\t<div class=\"elementor-element elementor-element-eb6f8a9 elementor-widget elementor-widget-pxl_text_editor\" data-id=\"eb6f8a9\" data-element_type=\"widget\" data-widget_type=\"pxl_text_editor.default\">\n\t\t\t\t<div class=\"elementor-widget-container\">\n\t\t\t\t\t<div class=\"pxl-text-editor   style-default\" data-setting=\"1\">\n\t<div class=\"pxl-item--inner  ft-gt\" data-wow-delay=\"ms\">\n\t\t\t<p data-start=\"0\" data-end=\"125\">\u00d6zel bir resim olu\u015fturmak i\u00e7in a\u015fa\u011f\u0131daki isteminizi girin veya g\u00f6z al\u0131c\u0131 sanat eserlerinden olu\u015fan \u00f6zenle se\u00e7ilmi\u015f koleksiyonumuza g\u00f6z at\u0131n.<\/p>\t\n\t<\/div>\n<\/div>\n\n<script>\njQuery(document).ready(function($) {\n    let $pageTitleElement = $('#pxl-page-title-elementor');\n\n    if ($pageTitleElement.length) {\n        let sgPostDesText = ``;\n        $pageTitleElement.find('.pxl-item--inner').html(sgPostDesText);\n    }\n});\n<\/script>\n\n\n\t\t\t\t<\/div>\n\t\t\t\t<\/div>\n\t\t\t\t<div class=\"elementor-element elementor-element-db3d51c elementor-widget elementor-widget-shortcode\" data-id=\"db3d51c\" data-element_type=\"widget\" data-widget_type=\"shortcode.default\">\n\t\t\t\t\t\t\t<div class=\"elementor-shortcode\"><div style=\"margin:0 auto; text-align:center;\">\n<p>Bakiye g\u00f6r\u00fcnt\u00fclemek i\u00e7in <a style=\"color:red;\" href=\"\/tr\/my-account\/\">giri\u015f yap\u0131n<\/a> veya <a style=\"color:red;\" href=\"\/tr\/my-account\/\">kay\u0131t olun<\/a>.<\/p>\n<\/div><\/div>\n\t\t\t\t\t\t<\/div>\n\t\t\t\t<div class=\"elementor-element elementor-element-d38ddf8 elementor-widget elementor-widget-text-editor\" data-id=\"d38ddf8\" data-element_type=\"widget\" data-widget_type=\"text-editor.default\">\n\t\t\t\t\t\t\t\t\t<p>*C\u00fczdan\u0131n\u0131zda <b>1 Kredi<\/b> gerektirir. <a style=\"color: red;\" href=\"https:\/\/art-galaxy.com\/tr\/urun\/credits\/\">Bakiyenizi y\u00fckleyin <\/a><\/p>\t\t\t\t\t\t\t\t<\/div>\n\t\t\t\t<\/div>\r\n\t\t<div class=\"elementor-element elementor-element-82d610f e-flex e-con-boxed pxl-row-scroll-none pxl-column-none pxl-full-content-with-space-none e-con e-parent \" data-id=\"82d610f\" data-element_type=\"container\">\t\t\t<div class=\"e-con-inner\">\r\n\t\t\t\t<div class=\"elementor-element elementor-element-4453a9d elementor-widget elementor-widget-shortcode\" data-id=\"4453a9d\" data-element_type=\"widget\" data-widget_type=\"shortcode.default\">\n\t\t\t\t\t\t\t<div class=\"elementor-shortcode\"><div class='mwai-chatbot-container' data-params='{&quot;aiName&quot;:&quot;AI: &quot;,&quot;userName&quot;:&quot;User: &quot;,&quot;guestName&quot;:&quot;Guest:&quot;,&quot;aiAvatar&quot;:true,&quot;aiAvatarUrl&quot;:&quot;chat-robot-1.svg&quot;,&quot;textSend&quot;:&quot;Olu\\u015ftur&quot;,&quot;textClear&quot;:&quot;Temizlemek&quot;,&quot;imageUpload&quot;:false,&quot;fileUpload&quot;:false,&quot;multiUpload&quot;:false,&quot;maxUploads&quot;:1,&quot;fileUploads&quot;:0,&quot;mode&quot;:&quot;images&quot;,&quot;textInputPlaceholder&quot;:&quot;Bize imaj\\u0131n\\u0131zdan bahsedin&quot;,&quot;textInputMaxLength&quot;:512,&quot;textCompliance&quot;:&quot;&quot;,&quot;startSentence&quot;:&quot;Bize imaj\\u0131n\\u0131zdan bahsedin&quot;,&quot;localMemory&quot;:true,&quot;themeId&quot;:&quot;chatgpt&quot;,&quot;window&quot;:false,&quot;icon&quot;:&quot;&quot;,&quot;iconText&quot;:&quot;&quot;,&quot;iconTextDelay&quot;:1,&quot;iconAlt&quot;:&quot;AI Engine Chatbot&quot;,&quot;iconPosition&quot;:&quot;bottom-right&quot;,&quot;centerOpen&quot;:false,&quot;width&quot;:&quot;&quot;,&quot;openDelay&quot;:&quot;&quot;,&quot;iconBubble&quot;:false,&quot;windowAnimation&quot;:&quot;zoom&quot;,&quot;fullscreen&quot;:false,&quot;copyButton&quot;:true,&quot;headerSubtitle&quot;:&quot;Discuss with&quot;,&quot;containerType&quot;:&quot;standard&quot;,&quot;headerType&quot;:&quot;standard&quot;,&quot;messagesType&quot;:&quot;standard&quot;,&quot;inputType&quot;:&quot;standard&quot;,&quot;footerType&quot;:&quot;standard&quot;}' data-system='{&quot;botId&quot;:&quot;default&quot;,&quot;customId&quot;:&quot;308cc50ba72c139db5fc80e764cea4f9&quot;,&quot;userData&quot;:null,&quot;sessionId&quot;:false,&quot;restNonce&quot;:null,&quot;contextId&quot;:20982,&quot;pluginUrl&quot;:&quot;https:\\\/\\\/art-galaxy.com\\\/wp-content\\\/plugins\\\/ai-engine\\\/&quot;,&quot;restUrl&quot;:&quot;https:\\\/\\\/art-galaxy.com\\\/tr\\\/wp-json&quot;,&quot;stream&quot;:true,&quot;debugMode&quot;:false,&quot;eventLogs&quot;:false,&quot;speech_recognition&quot;:false,&quot;speech_synthesis&quot;:false,&quot;typewriter&quot;:false,&quot;crossSite&quot;:false,&quot;actions&quot;:[],&quot;blocks&quot;:[],&quot;shortcuts&quot;:[]}' data-theme='{&quot;type&quot;:&quot;internal&quot;,&quot;name&quot;:&quot;ChatGPT&quot;,&quot;themeId&quot;:&quot;chatgpt&quot;,&quot;settings&quot;:[],&quot;style&quot;:&quot;&quot;}'><\/div><\/div>\n\t\t\t\t\t\t<\/div>\n\t\t\t\t\t<\/div>\r\n\t\t\t\t<\/div>\r\n\t\t<div class=\"elementor-element elementor-element-db5bc47 e-flex e-con-boxed pxl-row-scroll-none pxl-column-none pxl-full-content-with-space-none e-con e-parent \" data-id=\"db5bc47\" data-element_type=\"container\">\t\t\t<div class=\"e-con-inner\">\r\n\t\t\t\t<div class=\"elementor-element elementor-element-a2a2f7b elementor-widget elementor-widget-pxl_heading\" data-id=\"a2a2f7b\" data-element_type=\"widget\" data-widget_type=\"pxl_heading.default\">\n\t\t\t\t<div class=\"elementor-widget-container\">\n\t\t\t\t\t\n<div id=\"pxl-pxl_heading-a2a2f7b-1198\" \n\tclass=\"pxl-heading  px-sub-title-default style-default-style \" \n\tdata-pxl-parallax='{&quot;x&quot;:0,&quot;y&quot;:0,&quot;z&quot;:0}'>\n\t<div class=\"pxl-heading--inner\">\n\t\t\n\t\t<h2 class=\"pxl-item--title  style-default ft-gt   \" data-wow-delay=\"ms\" data-setting=\"\">\n\t\t\t\t\tDi\u011fer kullan\u0131c\u0131lar\u0131n istemleriyle olu\u015fturulan sanat eserlerine bir g\u00f6z at\u0131n.\t\n\t\t\t\n\t\t<\/h2>\n\n\t<\/div>\n<\/div>\t\t\t\t<\/div>\n\t\t\t\t<\/div>\n\t\t\t\t<div class=\"elementor-element elementor-element-878db68 elementor-widget elementor-widget-gallery\" data-id=\"878db68\" data-element_type=\"widget\" data-settings=\"{&quot;gallery_layout&quot;:&quot;masonry&quot;,&quot;gap&quot;:{&quot;unit&quot;:&quot;px&quot;,&quot;size&quot;:0,&quot;sizes&quot;:[]},&quot;lazyload&quot;:&quot;yes&quot;,&quot;columns&quot;:4,&quot;columns_tablet&quot;:2,&quot;columns_mobile&quot;:1,&quot;gap_laptop&quot;:{&quot;unit&quot;:&quot;px&quot;,&quot;size&quot;:10,&quot;sizes&quot;:[]},&quot;gap_tablet_extra&quot;:{&quot;unit&quot;:&quot;px&quot;,&quot;size&quot;:10,&quot;sizes&quot;:[]},&quot;gap_tablet&quot;:{&quot;unit&quot;:&quot;px&quot;,&quot;size&quot;:10,&quot;sizes&quot;:[]},&quot;gap_mobile_extra&quot;:{&quot;unit&quot;:&quot;px&quot;,&quot;size&quot;:10,&quot;sizes&quot;:[]},&quot;gap_mobile&quot;:{&quot;unit&quot;:&quot;px&quot;,&quot;size&quot;:10,&quot;sizes&quot;:[]},&quot;link_to&quot;:&quot;file&quot;,&quot;overlay_background&quot;:&quot;yes&quot;,&quot;content_hover_animation&quot;:&quot;fade-in&quot;}\" data-widget_type=\"gallery.default\">\n\t\t\t\t\t\t\t<div class=\"elementor-gallery__container\">\n\t\t\t\t\t\t\t<a class=\"e-gallery-item elementor-gallery-item elementor-animated-content\" href=\"https:\/\/art-galaxy.com\/wp-content\/uploads\/2025\/10\/medium-shot-alien-monochrome-scaled-1.jpg\" data-elementor-open-lightbox=\"yes\" data-elementor-lightbox-slideshow=\"878db68\" data-e-action-hash=\"#elementor-action%3Aaction%3Dlightbox%26settings%3DeyJpZCI6MTQ5NjUsInVybCI6Imh0dHBzOlwvXC9hcnQtZ2FsYXh5LmNvbVwvd3AtY29udGVudFwvdXBsb2Fkc1wvMjAyNVwvMTBcL21lZGl1bS1zaG90LWFsaWVuLW1vbm9jaHJvbWUtc2NhbGVkLTEuanBnIiwic2xpZGVzaG93IjoiODc4ZGI2OCJ9\">\n\t\t\t\t\t<div class=\"e-gallery-image elementor-gallery-item__image\" data-thumbnail=\"https:\/\/art-galaxy.com\/wp-content\/uploads\/2025\/10\/medium-shot-alien-monochrome-scaled-1.jpg\" data-width=\"1707\" data-height=\"2560\" aria-label=\"\" role=\"img\" ><\/div>\n\t\t\t\t\t\t\t\t\t\t\t<div class=\"elementor-gallery-item__overlay\"><\/div>\n\t\t\t\t\t\t\t\t\t\t\t\t\t\t<\/a>\n\t\t\t\t\t\t\t<a class=\"e-gallery-item elementor-gallery-item elementor-animated-content\" href=\"https:\/\/art-galaxy.com\/wp-content\/uploads\/2025\/10\/b6721b44-4fde-40f0-829a-9fc1eec9e46b-scaled-1.jpg\" data-elementor-open-lightbox=\"yes\" data-elementor-lightbox-slideshow=\"878db68\" data-e-action-hash=\"#elementor-action%3Aaction%3Dlightbox%26settings%3DeyJpZCI6MTUwMDIsInVybCI6Imh0dHBzOlwvXC9hcnQtZ2FsYXh5LmNvbVwvd3AtY29udGVudFwvdXBsb2Fkc1wvMjAyNVwvMTBcL2I2NzIxYjQ0LTRmZGUtNDBmMC04MjlhLTlmYzFlZWM5ZTQ2Yi1zY2FsZWQtMS5qcGciLCJzbGlkZXNob3ciOiI4NzhkYjY4In0%3D\">\n\t\t\t\t\t<div class=\"e-gallery-image elementor-gallery-item__image\" data-thumbnail=\"https:\/\/art-galaxy.com\/wp-content\/uploads\/2025\/10\/b6721b44-4fde-40f0-829a-9fc1eec9e46b-scaled-1.jpg\" data-width=\"2560\" data-height=\"914\" aria-label=\"\" role=\"img\" ><\/div>\n\t\t\t\t\t\t\t\t\t\t\t<div class=\"elementor-gallery-item__overlay\"><\/div>\n\t\t\t\t\t\t\t\t\t\t\t\t\t\t<\/a>\n\t\t\t\t\t\t\t<a class=\"e-gallery-item elementor-gallery-item elementor-animated-content\" href=\"https:\/\/art-galaxy.com\/wp-content\/uploads\/2025\/10\/cyberpunk-illustration-with-neon-colors-futuristic-technology-1-scaled-1.jpg\" data-elementor-open-lightbox=\"yes\" data-elementor-lightbox-slideshow=\"878db68\" data-e-action-hash=\"#elementor-action%3Aaction%3Dlightbox%26settings%3DeyJpZCI6MTUwMDQsInVybCI6Imh0dHBzOlwvXC9hcnQtZ2FsYXh5LmNvbVwvd3AtY29udGVudFwvdXBsb2Fkc1wvMjAyNVwvMTBcL2N5YmVycHVuay1pbGx1c3RyYXRpb24td2l0aC1uZW9uLWNvbG9ycy1mdXR1cmlzdGljLXRlY2hub2xvZ3ktMS1zY2FsZWQtMS5qcGciLCJzbGlkZXNob3ciOiI4NzhkYjY4In0%3D\">\n\t\t\t\t\t<div class=\"e-gallery-image elementor-gallery-item__image\" data-thumbnail=\"https:\/\/art-galaxy.com\/wp-content\/uploads\/2025\/10\/cyberpunk-illustration-with-neon-colors-futuristic-technology-1-scaled-1.jpg\" data-width=\"2560\" data-height=\"1928\" aria-label=\"\" role=\"img\" ><\/div>\n\t\t\t\t\t\t\t\t\t\t\t<div class=\"elementor-gallery-item__overlay\"><\/div>\n\t\t\t\t\t\t\t\t\t\t\t\t\t\t<\/a>\n\t\t\t\t\t\t\t<a class=\"e-gallery-item elementor-gallery-item elementor-animated-content\" href=\"https:\/\/art-galaxy.com\/wp-content\/uploads\/2025\/10\/spectacular-sci-fi-landscape-scaled-1.jpg\" data-elementor-open-lightbox=\"yes\" data-elementor-lightbox-slideshow=\"878db68\" data-e-action-hash=\"#elementor-action%3Aaction%3Dlightbox%26settings%3DeyJpZCI6MTUwMDYsInVybCI6Imh0dHBzOlwvXC9hcnQtZ2FsYXh5LmNvbVwvd3AtY29udGVudFwvdXBsb2Fkc1wvMjAyNVwvMTBcL3NwZWN0YWN1bGFyLXNjaS1maS1sYW5kc2NhcGUtc2NhbGVkLTEuanBnIiwic2xpZGVzaG93IjoiODc4ZGI2OCJ9\">\n\t\t\t\t\t<div class=\"e-gallery-image elementor-gallery-item__image\" data-thumbnail=\"https:\/\/art-galaxy.com\/wp-content\/uploads\/2025\/10\/spectacular-sci-fi-landscape-scaled-1.jpg\" data-width=\"1752\" data-height=\"2560\" aria-label=\"\" role=\"img\" ><\/div>\n\t\t\t\t\t\t\t\t\t\t\t<div class=\"elementor-gallery-item__overlay\"><\/div>\n\t\t\t\t\t\t\t\t\t\t\t\t\t\t<\/a>\n\t\t\t\t\t\t\t<a class=\"e-gallery-item elementor-gallery-item elementor-animated-content\" href=\"https:\/\/art-galaxy.com\/wp-content\/uploads\/2025\/10\/space-background-with-comet-flying-towards-planet-scaled-1.jpg\" data-elementor-open-lightbox=\"yes\" data-elementor-lightbox-slideshow=\"878db68\" data-e-action-hash=\"#elementor-action%3Aaction%3Dlightbox%26settings%3DeyJpZCI6MTQ5MDcsInVybCI6Imh0dHBzOlwvXC9hcnQtZ2FsYXh5LmNvbVwvd3AtY29udGVudFwvdXBsb2Fkc1wvMjAyNVwvMTBcL3NwYWNlLWJhY2tncm91bmQtd2l0aC1jb21ldC1mbHlpbmctdG93YXJkcy1wbGFuZXQtc2NhbGVkLTEuanBnIiwic2xpZGVzaG93IjoiODc4ZGI2OCJ9\">\n\t\t\t\t\t<div class=\"e-gallery-image elementor-gallery-item__image\" data-thumbnail=\"https:\/\/art-galaxy.com\/wp-content\/uploads\/2025\/10\/space-background-with-comet-flying-towards-planet-scaled-1.jpg\" data-width=\"2560\" data-height=\"2048\" aria-label=\"\" role=\"img\" ><\/div>\n\t\t\t\t\t\t\t\t\t\t\t<div class=\"elementor-gallery-item__overlay\"><\/div>\n\t\t\t\t\t\t\t\t\t\t\t\t\t\t<\/a>\n\t\t\t\t\t\t\t<a class=\"e-gallery-item elementor-gallery-item elementor-animated-content\" href=\"https:\/\/art-galaxy.com\/wp-content\/uploads\/2025\/10\/aesthetic-dark-wallpaper-background-neon-light-scaled-1.jpg\" data-elementor-open-lightbox=\"yes\" data-elementor-lightbox-slideshow=\"878db68\" data-e-action-hash=\"#elementor-action%3Aaction%3Dlightbox%26settings%3DeyJpZCI6MTQ5MTYsInVybCI6Imh0dHBzOlwvXC9hcnQtZ2FsYXh5LmNvbVwvd3AtY29udGVudFwvdXBsb2Fkc1wvMjAyNVwvMTBcL2Flc3RoZXRpYy1kYXJrLXdhbGxwYXBlci1iYWNrZ3JvdW5kLW5lb24tbGlnaHQtc2NhbGVkLTEuanBnIiwic2xpZGVzaG93IjoiODc4ZGI2OCJ9\">\n\t\t\t\t\t<div class=\"e-gallery-image elementor-gallery-item__image\" data-thumbnail=\"https:\/\/art-galaxy.com\/wp-content\/uploads\/2025\/10\/aesthetic-dark-wallpaper-background-neon-light-scaled-1.jpg\" data-width=\"2560\" data-height=\"1707\" aria-label=\"\" role=\"img\" ><\/div>\n\t\t\t\t\t\t\t\t\t\t\t<div class=\"elementor-gallery-item__overlay\"><\/div>\n\t\t\t\t\t\t\t\t\t\t\t\t\t\t<\/a>\n\t\t\t\t\t\t\t<a class=\"e-gallery-item elementor-gallery-item elementor-animated-content\" href=\"https:\/\/art-galaxy.com\/wp-content\/uploads\/2025\/10\/shoot-fantastic-alien-2-scaled-1.jpg\" data-elementor-open-lightbox=\"yes\" data-elementor-lightbox-slideshow=\"878db68\" data-e-action-hash=\"#elementor-action%3Aaction%3Dlightbox%26settings%3DeyJpZCI6MTQ5NDMsInVybCI6Imh0dHBzOlwvXC9hcnQtZ2FsYXh5LmNvbVwvd3AtY29udGVudFwvdXBsb2Fkc1wvMjAyNVwvMTBcL3Nob290LWZhbnRhc3RpYy1hbGllbi0yLXNjYWxlZC0xLmpwZyIsInNsaWRlc2hvdyI6Ijg3OGRiNjgifQ%3D%3D\">\n\t\t\t\t\t<div class=\"e-gallery-image elementor-gallery-item__image\" data-thumbnail=\"https:\/\/art-galaxy.com\/wp-content\/uploads\/2025\/10\/shoot-fantastic-alien-2-scaled-1.jpg\" data-width=\"2560\" data-height=\"1752\" aria-label=\"\" role=\"img\" ><\/div>\n\t\t\t\t\t\t\t\t\t\t\t<div class=\"elementor-gallery-item__overlay\"><\/div>\n\t\t\t\t\t\t\t\t\t\t\t\t\t\t<\/a>\n\t\t\t\t\t\t\t<a class=\"e-gallery-item elementor-gallery-item elementor-animated-content\" href=\"https:\/\/art-galaxy.com\/wp-content\/uploads\/2025\/10\/shoot-fantastic-alien-5-scaled-1.jpg\" data-elementor-open-lightbox=\"yes\" data-elementor-lightbox-slideshow=\"878db68\" data-e-action-hash=\"#elementor-action%3Aaction%3Dlightbox%26settings%3DeyJpZCI6MTQ5NjgsInVybCI6Imh0dHBzOlwvXC9hcnQtZ2FsYXh5LmNvbVwvd3AtY29udGVudFwvdXBsb2Fkc1wvMjAyNVwvMTBcL3Nob290LWZhbnRhc3RpYy1hbGllbi01LXNjYWxlZC0xLmpwZyIsInNsaWRlc2hvdyI6Ijg3OGRiNjgifQ%3D%3D\">\n\t\t\t\t\t<div class=\"e-gallery-image elementor-gallery-item__image\" data-thumbnail=\"https:\/\/art-galaxy.com\/wp-content\/uploads\/2025\/10\/shoot-fantastic-alien-5-scaled-1.jpg\" data-width=\"1463\" data-height=\"2560\" aria-label=\"\" role=\"img\" ><\/div>\n\t\t\t\t\t\t\t\t\t\t\t<div class=\"elementor-gallery-item__overlay\"><\/div>\n\t\t\t\t\t\t\t\t\t\t\t\t\t\t<\/a>\n\t\t\t\t\t\t\t<a class=\"e-gallery-item elementor-gallery-item elementor-animated-content\" href=\"https:\/\/art-galaxy.com\/wp-content\/uploads\/2025\/10\/cyberpunk-urban-scenery-scaled-1.jpg\" data-elementor-open-lightbox=\"yes\" data-elementor-lightbox-slideshow=\"878db68\" data-e-action-hash=\"#elementor-action%3Aaction%3Dlightbox%26settings%3DeyJpZCI6MTQ5OTYsInVybCI6Imh0dHBzOlwvXC9hcnQtZ2FsYXh5LmNvbVwvd3AtY29udGVudFwvdXBsb2Fkc1wvMjAyNVwvMTBcL2N5YmVycHVuay11cmJhbi1zY2VuZXJ5LXNjYWxlZC0xLmpwZyIsInNsaWRlc2hvdyI6Ijg3OGRiNjgifQ%3D%3D\">\n\t\t\t\t\t<div class=\"e-gallery-image elementor-gallery-item__image\" data-thumbnail=\"https:\/\/art-galaxy.com\/wp-content\/uploads\/2025\/10\/cyberpunk-urban-scenery-scaled-1.jpg\" data-width=\"2560\" data-height=\"1435\" aria-label=\"\" role=\"img\" ><\/div>\n\t\t\t\t\t\t\t\t\t\t\t<div class=\"elementor-gallery-item__overlay\"><\/div>\n\t\t\t\t\t\t\t\t\t\t\t\t\t\t<\/a>\n\t\t\t\t\t\t\t<a class=\"e-gallery-item elementor-gallery-item elementor-animated-content\" href=\"https:\/\/art-galaxy.com\/wp-content\/uploads\/2025\/10\/3d-rendering-robotic-eagle-scaled-1.jpg\" data-elementor-open-lightbox=\"yes\" data-elementor-lightbox-slideshow=\"878db68\" data-e-action-hash=\"#elementor-action%3Aaction%3Dlightbox%26settings%3DeyJpZCI6MTQ5NjIsInVybCI6Imh0dHBzOlwvXC9hcnQtZ2FsYXh5LmNvbVwvd3AtY29udGVudFwvdXBsb2Fkc1wvMjAyNVwvMTBcLzNkLXJlbmRlcmluZy1yb2JvdGljLWVhZ2xlLXNjYWxlZC0xLmpwZyIsInNsaWRlc2hvdyI6Ijg3OGRiNjgifQ%3D%3D\">\n\t\t\t\t\t<div class=\"e-gallery-image elementor-gallery-item__image\" data-thumbnail=\"https:\/\/art-galaxy.com\/wp-content\/uploads\/2025\/10\/3d-rendering-robotic-eagle-scaled-1.jpg\" data-width=\"1707\" data-height=\"2560\" aria-label=\"\" role=\"img\" ><\/div>\n\t\t\t\t\t\t\t\t\t\t\t<div class=\"elementor-gallery-item__overlay\"><\/div>\n\t\t\t\t\t\t\t\t\t\t\t\t\t\t<\/a>\n\t\t\t\t\t<\/div>\n\t\t\t\t\t<\/div>\n\t\t\t\t\t<\/div>\r\n\t\t\t\t<\/div>\r\n\t\t\t\t<\/div>\n\t\t","protected":false},"excerpt":{"rendered":"<p>Benzersiz Yapay Zeka Sanat\u0131 Yarat\u0131n \u00d6zel bir resim olu\u015fturmak i\u00e7in a\u015fa\u011f\u0131daki isteminizi girin veya g\u00f6z al\u0131c\u0131 sanat eserlerinden olu\u015fan \u00f6zenle se\u00e7ilmi\u015f koleksiyonumuza g\u00f6z at\u0131n. *C\u00fczdan\u0131n\u0131zda 1 Kredi gerektirir. Bakiyenizi y\u00fckleyin Di\u011fer kullan\u0131c\u0131lar\u0131n istemleriyle olu\u015fturulan sanat eserlerine bir g\u00f6z at\u0131n.<\/p>\n","protected":false},"author":1,"featured_media":0,"parent":0,"menu_order":0,"comment_status":"closed","ping_status":"closed","template":"","meta":{"footnotes":""},"class_list":["post-20982","page","type-page","status-publish","hentry"],"_links":{"self":[{"href":"https:\/\/art-galaxy.com\/tr\/wp-json\/wp\/v2\/pages\/20982","targetHints":{"allow":["GET"]}}],"collection":[{"href":"https:\/\/art-galaxy.com\/tr\/wp-json\/wp\/v2\/pages"}],"about":[{"href":"https:\/\/art-galaxy.com\/tr\/wp-json\/wp\/v2\/types\/page"}],"author":[{"embeddable":true,"href":"https:\/\/art-galaxy.com\/tr\/wp-json\/wp\/v2\/users\/1"}],"replies":[{"embeddable":true,"href":"https:\/\/art-galaxy.com\/tr\/wp-json\/wp\/v2\/comments?post=20982"}],"version-history":[{"count":18,"href":"https:\/\/art-galaxy.com\/tr\/wp-json\/wp\/v2\/pages\/20982\/revisions"}],"predecessor-version":[{"id":24734,"href":"https:\/\/art-galaxy.com\/tr\/wp-json\/wp\/v2\/pages\/20982\/revisions\/24734"}],"wp:attachment":[{"href":"https:\/\/art-galaxy.com\/tr\/wp-json\/wp\/v2\/media?parent=20982"}],"curies":[{"name":"wp","href":"https:\/\/api.w.org\/{rel}","templated":true}]}}