{"id":20991,"date":"2025-06-04T02:09:57","date_gmt":"2025-06-04T02:09:57","guid":{"rendered":"http:\/\/art-galaxy.com\/bize-ulasin\/"},"modified":"2026-03-23T11:07:38","modified_gmt":"2026-03-23T11:07:38","slug":"bize-ulasin","status":"publish","type":"page","link":"https:\/\/art-galaxy.com\/tr\/bize-ulasin\/","title":{"rendered":"Bize ula\u015f\u0131n"},"content":{"rendered":"\t\t<div data-elementor-type=\"wp-page\" data-elementor-id=\"20991\" class=\"elementor elementor-20991 elementor-2615\" data-elementor-post-type=\"page\">\n\t\t\t\t<div class=\"elementor-element elementor-element-640b9f0 e-flex e-con-boxed pxl-row-scroll-none pxl-column-none pxl-full-content-with-space-none e-con e-parent \" data-id=\"640b9f0\" data-element_type=\"container\">\t\t\t<div class=\"e-con-inner\">\r\n\t\t\t\t<div class=\"elementor-element elementor-element-2659dd0 elementor-widget elementor-widget-html\" data-id=\"2659dd0\" data-element_type=\"widget\" data-widget_type=\"html.default\">\n\t\t\t\t\t<iframe src=\"https:\/\/www.google.com\/maps\/embed?pb=!1m18!1m12!1m3!1d2482.4231668678426!2d-0.036114609569462615!3d51.52379789914963!2m3!1f0!2f0!3f0!3m2!1i1024!2i768!4f13.1!3m3!1m2!1s0x48761d30eed731a3%3A0xfe3dc4fa8f1a96f7!2zRW5uZXJkYWxlIEhvdXNlLCAxMjEgSGFtbGV0cyBXYXksIExvbmRvbiBFMyA0VFksINCS0LXQu9C40LrQsCDQkdGA0LjRgtCw0L3RltGP!5e0!3m2!1suk!2sua!4v1748360384224!5m2!1suk!2sua\" width=\"100%\" height=\"450\" style=\"border:0;\" allowfullscreen=\"\" loading=\"lazy\" referrerpolicy=\"no-referrer-when-downgrade\"><\/iframe>\t\t\t\t<\/div>\n\t\t\t\t\t<\/div>\r\n\t\t\t\t<\/div>\r\n\t\t<div class=\"elementor-element elementor-element-f297ef5 e-flex e-con-boxed pxl-row-scroll-none pxl-column-none pxl-full-content-with-space-none e-con e-parent \" data-id=\"f297ef5\" data-element_type=\"container\">\t\t\t<div class=\"e-con-inner\">\r\n\t\t\t\t<div class=\"elementor-element elementor-element-cdb325e elementor-widget elementor-widget-pxl_heading\" data-id=\"cdb325e\" data-element_type=\"widget\" data-widget_type=\"pxl_heading.default\">\n\t\t\t\t<div class=\"elementor-widget-container\">\n\t\t\t\t\t\n<div id=\"pxl-pxl_heading-cdb325e-2058\" \n\tclass=\"pxl-heading  px-sub-title-default style-default-style \" \n\tdata-pxl-parallax='{&quot;x&quot;:0,&quot;y&quot;:0,&quot;z&quot;:0}'>\n\t<div class=\"pxl-heading--inner\">\n\t\t\n\t\t<h3 class=\"pxl-item--title pxl-split-text style-default ft-six  split-hero \" data-wow-delay=\"ms\" data-setting=\"\">\n\t\t\t\t\tbirlikte konu\u015fal\u0131m\t\n\t\t\t\n\t\t<\/h3>\n\n\t<\/div>\n<\/div>\t\t\t\t<\/div>\n\t\t\t\t<\/div>\n\t\t<div class=\"elementor-element elementor-element-4e35dee e-con-full e-flex pxl-row-scroll-none pxl-column-none pxl-full-content-with-space-none e-con e-child \" data-id=\"4e35dee\" data-element_type=\"container\" data-settings=\"{&quot;background_background&quot;:&quot;classic&quot;}\">\t\t<div class=\"elementor-element elementor-element-dcb890c elementor-widget elementor-widget-pxl_divider\" data-id=\"dcb890c\" data-element_type=\"widget\" data-widget_type=\"pxl_divider.default\">\n\t\t\t\t<div class=\"elementor-widget-container\">\n\t\t\t\t\t<div class=\"pxl-divider horizontal animated fast\"><div class=\"pxl-divider-separator\"><\/div><\/div>\t\t\t\t<\/div>\n\t\t\t\t<\/div>\n\t\t\t\t<div class=\"elementor-element elementor-element-fdfd2c8 elementor-widget elementor-widget-pxl_text_editor\" data-id=\"fdfd2c8\" data-element_type=\"widget\" data-widget_type=\"pxl_text_editor.default\">\n\t\t\t\t<div class=\"elementor-widget-container\">\n\t\t\t\t\t<div class=\"pxl-text-editor   style-default\" data-setting=\"1\">\n\t<div class=\"pxl-item--inner  ft-gt\" data-wow-delay=\"ms\">\n\t\t\t<p data-start=\"0\" data-end=\"125\">Herhangi bir sorunuz mu var veya proje fikrinizi tart\u0131\u015fmak m\u0131 istiyorsunuz? Bize mesaj g\u00f6nderin; yard\u0131mc\u0131 olmak i\u00e7in buraday\u0131z!<\/p>\t\n\t<\/div>\n<\/div>\n\n<script>\njQuery(document).ready(function($) {\n    let $pageTitleElement = $('#pxl-page-title-elementor');\n\n    if ($pageTitleElement.length) {\n        let sgPostDesText = ``;\n        $pageTitleElement.find('.pxl-item--inner').html(sgPostDesText);\n    }\n});\n<\/script>\n\n\n\t\t\t\t<\/div>\n\t\t\t\t<\/div>\n\t\t\t\t<\/div>\r\n\t\t\t\t\t<\/div>\r\n\t\t\t\t<\/div>\r\n\t\t<div class=\"elementor-element elementor-element-97c0fb9 e-flex e-con-boxed pxl-row-scroll-none pxl-column-none pxl-full-content-with-space-none e-con e-parent \" data-id=\"97c0fb9\" data-element_type=\"container\">\t\t\t<div class=\"e-con-inner\">\r\n\t\t\t\t<div class=\"elementor-element elementor-element-62498f7 elementor-widget elementor-widget-pxl_icon_box\" data-id=\"62498f7\" data-element_type=\"widget\" data-widget_type=\"pxl_icon_box.default\">\n\t\t\t\t<div class=\"elementor-widget-container\">\n\t\t\t\t\t<div class=\"pxl-icon-box pxl-icon-box2 wow PXLfadeInUp style-1\" data-wow-delay=\"ms\">\r\n    <div class=\"pxl-item--inner\">\r\n        <div class=\"content-top\">\r\n                                        <div class=\"pxl-item--icon\">\r\n                    <i aria-hidden=\"true\" class=\"fas fa-map-marker\"><\/i>                <\/div>\r\n                                                            <h5 class=\"pxl-item--title el-empty\">\u0130sim<\/h5>\r\n        <\/div>\r\n                    <div class=\"pxl-item--description el-empty \">XOR SOLUTIONS LIMITED<\/div>\r\n                                <div class=\"content-bottom\">\r\n            \r\n        <\/div>\r\n    <\/div>\r\n<\/div>\t\t\t\t<\/div>\n\t\t\t\t<\/div>\n\t\t\t\t<div class=\"elementor-element elementor-element-b3e200d elementor-widget elementor-widget-pxl_icon_box\" data-id=\"b3e200d\" data-element_type=\"widget\" data-widget_type=\"pxl_icon_box.default\">\n\t\t\t\t<div class=\"elementor-widget-container\">\n\t\t\t\t\t<div class=\"pxl-icon-box pxl-icon-box2 wow PXLfadeInUp style-1\" data-wow-delay=\"ms\">\r\n    <div class=\"pxl-item--inner\">\r\n        <div class=\"content-top\">\r\n                                        <div class=\"pxl-item--icon\">\r\n                    <i aria-hidden=\"true\" class=\"fas fa-map-marker\"><\/i>                <\/div>\r\n                                                            <h5 class=\"pxl-item--title el-empty\">Yasal Adres<\/h5>\r\n        <\/div>\r\n                    <div class=\"pxl-item--description el-empty \"><a href=\"https:\/\/maps.app.goo.gl\/Y62Rd7pse2cHCmEVA\">Flat 44 Ennerdale House,  121 Hamlets Way, London, England, E3 4TY<\/a><\/div>\r\n                                <div class=\"content-bottom\">\r\n            \r\n        <\/div>\r\n    <\/div>\r\n<\/div>\t\t\t\t<\/div>\n\t\t\t\t<\/div>\n\t\t\t\t<div class=\"elementor-element elementor-element-5a76c07 elementor-widget elementor-widget-pxl_icon_box\" data-id=\"5a76c07\" data-element_type=\"widget\" data-widget_type=\"pxl_icon_box.default\">\n\t\t\t\t<div class=\"elementor-widget-container\">\n\t\t\t\t\t<div class=\"pxl-icon-box pxl-icon-box2 wow PXLfadeInUp style-1\" data-wow-delay=\"ms\">\r\n    <div class=\"pxl-item--inner\">\r\n        <div class=\"content-top\">\r\n                                        <div class=\"pxl-item--icon\">\r\n                    <i aria-hidden=\"true\" class=\"bootstrap-icons bi-chat-fill\"><\/i>                <\/div>\r\n                                                            <h5 class=\"pxl-item--title el-empty\">E-posta<\/h5>\r\n        <\/div>\r\n                    <div class=\"pxl-item--description el-empty \"><a href=\"mailto:info@art-galaxy.com\">info@art-galaxy.com<\/a><br>\n<\/div>\r\n                                <div class=\"content-bottom\">\r\n            \r\n        <\/div>\r\n    <\/div>\r\n<\/div>\t\t\t\t<\/div>\n\t\t\t\t<\/div>\n\t\t\t\t<div class=\"elementor-element elementor-element-1c9901a elementor-widget elementor-widget-pxl_icon_box\" data-id=\"1c9901a\" data-element_type=\"widget\" data-widget_type=\"pxl_icon_box.default\">\n\t\t\t\t<div class=\"elementor-widget-container\">\n\t\t\t\t\t<div class=\"pxl-icon-box pxl-icon-box2 wow PXLfadeInUp style-1\" data-wow-delay=\"ms\">\r\n    <div class=\"pxl-item--inner\">\r\n        <div class=\"content-top\">\r\n                                        <div class=\"pxl-item--icon\">\r\n                    <i aria-hidden=\"true\" class=\"bootstrap-icons bi-clock-fill\"><\/i>                <\/div>\r\n                                                            <h5 class=\"pxl-item--title el-empty\">\u00c7al\u0131\u015fma S\u00fcresi<\/h5>\r\n        <\/div>\r\n                    <div class=\"pxl-item--description el-empty \">Monday - Friday:  9.00am - 5.00pm<\/div>\r\n                                <div class=\"content-bottom\">\r\n            \r\n        <\/div>\r\n    <\/div>\r\n<\/div>\t\t\t\t<\/div>\n\t\t\t\t<\/div>\n\t\t\t\t\t<\/div>\r\n\t\t\t\t<\/div>\r\n\t\t<div class=\"elementor-element elementor-element-32406cc e-flex e-con-boxed pxl-row-scroll-none pxl-column-none pxl-full-content-with-space-none e-con e-parent \" data-id=\"32406cc\" data-element_type=\"container\">\t\t\t<div class=\"e-con-inner\">\r\n\t\t\t\t<div class=\"elementor-element elementor-element-6c54520 elementor-widget elementor-widget-pxl_icon_box\" data-id=\"6c54520\" data-element_type=\"widget\" data-widget_type=\"pxl_icon_box.default\">\n\t\t\t\t<div class=\"elementor-widget-container\">\n\t\t\t\t\t<div class=\"pxl-icon-box pxl-icon-box2 wow PXLfadeInUp style-1\" data-wow-delay=\"ms\">\r\n    <div class=\"pxl-item--inner\">\r\n        <div class=\"content-top\">\r\n                                        <div class=\"pxl-item--icon\">\r\n                    <i aria-hidden=\"true\" class=\"bootstrap-icons bi-card-checklist\"><\/i>                <\/div>\r\n                                                            <h5 class=\"pxl-item--title el-empty\">\u015eirket Numaras\u0131<\/h5>\r\n        <\/div>\r\n                    <div class=\"pxl-item--description el-empty \">15744696<\/div>\r\n                                <div class=\"content-bottom\">\r\n            \r\n        <\/div>\r\n    <\/div>\r\n<\/div>\t\t\t\t<\/div>\n\t\t\t\t<\/div>\n\t\t\t\t<div class=\"elementor-element elementor-element-4e06ec2 elementor-widget elementor-widget-pxl_icon_box\" data-id=\"4e06ec2\" data-element_type=\"widget\" data-widget_type=\"pxl_icon_box.default\">\n\t\t\t\t<div class=\"elementor-widget-container\">\n\t\t\t\t\t<div class=\"pxl-icon-box pxl-icon-box2 wow PXLfadeInUp style-1\" data-wow-delay=\"ms\">\r\n    <div class=\"pxl-item--inner\">\r\n        <div class=\"content-top\">\r\n                                        <div class=\"pxl-item--icon\">\r\n                    <i aria-hidden=\"true\" class=\"fas fa-phone\"><\/i>                <\/div>\r\n                                                            <h5 class=\"pxl-item--title el-empty\">Say\u0131<\/h5>\r\n        <\/div>\r\n                    <div class=\"pxl-item--description el-empty \"><a href=\"tel:+44 7427 821324\">+44 7427 821324<\/a><\/div>\r\n                                <div class=\"content-bottom\">\r\n            \r\n        <\/div>\r\n    <\/div>\r\n<\/div>\t\t\t\t<\/div>\n\t\t\t\t<\/div>\n\t\t\t\t\t<\/div>\r\n\t\t\t\t<\/div>\r\n\t\t<div class=\"elementor-element elementor-element-0447c35 e-flex e-con-boxed pxl-row-scroll-none pxl-column-none pxl-full-content-with-space-none e-con e-parent \" data-id=\"0447c35\" data-element_type=\"container\">\t\t\t<div class=\"e-con-inner\">\r\n\t\t\t\t<div class=\"elementor-element elementor-element-8ac32dd elementor-widget elementor-widget-pxl_contact_form\" data-id=\"8ac32dd\" data-element_type=\"widget\" data-widget_type=\"pxl_contact_form.default\">\n\t\t\t\t<div class=\"elementor-widget-container\">\n\t\t\t\t\t    <div class=\"pxl-contact-form pxl-contact-form1 btn-w-auto wow PXLfadeInUp\" data-wow-delay=\"ms\">\r\n        \n<div class=\"wpcf7 no-js\" id=\"wpcf7-f24644-o1\" lang=\"en-US\" dir=\"ltr\" data-wpcf7-id=\"24644\">\n<div class=\"screen-reader-response\"><p role=\"status\" aria-live=\"polite\" aria-atomic=\"true\"><\/p> <ul><\/ul><\/div>\n<form action=\"\/tr\/wp-json\/wp\/v2\/pages\/20991#wpcf7-f24644-o1\" method=\"post\" class=\"wpcf7-form init cf7mls-no-scroll cf7mls-auto-return-first-step cf7mls-no-moving-animation\" aria-label=\"Contact form\" novalidate=\"novalidate\" data-status=\"init\">\n<fieldset class=\"hidden-fields-container\"><input type=\"hidden\" name=\"_wpcf7\" value=\"24644\" \/><input type=\"hidden\" name=\"_wpcf7_version\" value=\"6.1.2\" \/><input type=\"hidden\" name=\"_wpcf7_locale\" value=\"en_US\" \/><input type=\"hidden\" name=\"_wpcf7_unit_tag\" value=\"wpcf7-f24644-o1\" \/><input type=\"hidden\" name=\"_wpcf7_container_post\" value=\"0\" \/><input type=\"hidden\" name=\"_wpcf7_posted_data_hash\" value=\"\" \/>\n<\/fieldset>\n<div class=\"wrap-ctf-page wrap-form\">\n\t<div class=\"containter\">\n\t\t<div class=\"row\">\n\t\t\t<div class=\"input-filled col-xl-6 col-lg-6 col-md-6 col-sm-6 col-xs-12\">\n\t\t\t\t<p><span class=\"wpcf7-form-control-wrap your-name\"><span class=\"wpcf7-form-control-wrap\" data-name=\"your-name\"><input size=\"40\" maxlength=\"400\" class=\"wpcf7-form-control wpcf7-text wpcf7-validates-as-required\" aria-required=\"true\" aria-invalid=\"false\" placeholder=\"\u0130sim*\" value=\"\" type=\"text\" name=\"your-name\" \/><\/span><\/span>\n\t\t\t\t<\/p>\n\t\t\t<\/div>\n\t\t\t<div class=\"input-filled col-xl-6 col-lg-6 col-md-6 col-sm-6 col-xs-12\">\n\t\t\t\t<p><span class=\"wpcf7-form-control-wrap your-email\"><span class=\"wpcf7-form-control-wrap\" data-name=\"your-email\"><input size=\"40\" maxlength=\"400\" class=\"wpcf7-form-control wpcf7-email wpcf7-validates-as-required wpcf7-text wpcf7-validates-as-email\" aria-required=\"true\" aria-invalid=\"false\" placeholder=\"E-posta*\" value=\"\" type=\"email\" name=\"your-email\" \/><\/span><\/span>\n\t\t\t\t<\/p>\n\t\t\t<\/div>\n\t\t\t<div class=\"input-filled col-xl-12\">\n\t\t\t\t<p><span class=\"wpcf7-form-control-wrap your-phone\"><span class=\"wpcf7-form-control-wrap\" data-name=\"your-phone\"><input size=\"40\" maxlength=\"400\" class=\"wpcf7-form-control wpcf7-tel wpcf7-validates-as-required wpcf7-text wpcf7-validates-as-tel\" aria-required=\"true\" aria-invalid=\"false\" placeholder=\"Telefon Numaras\u0131*\" value=\"\" type=\"tel\" name=\"your-phone\" \/><\/span><\/span>\n\t\t\t\t<\/p>\n\t\t\t<\/div>\n\t\t\t<div class=\"input-filled col-xl-12\">\n\t\t\t\t<p><span class=\"wpcf7-form-control-wrap your-messeage\"><span class=\"wpcf7-form-control-wrap\" data-name=\"your-messeage\"><textarea cols=\"40\" rows=\"10\" maxlength=\"2000\" class=\"wpcf7-form-control wpcf7-textarea wpcf7-validates-as-required\" aria-required=\"true\" aria-invalid=\"false\" placeholder=\"Mesaj\u0131n\u0131z\u0131 yaz\u0131n...\" name=\"your-messeage\"><\/textarea><\/span><\/span><button type=\"g\u00f6ndermek\" class=\"wpcf7-submit wpcf7-btn-abs\" ><svg xmlns=\"http:\/\/www.w3.org\/2000\/svg\" id=\"Layer_1\" data-name=\"Layer 1\" viewBox=\"0 0 405.14 355.08\"><defs><style>.cls-1{fill:#fff;}<\/style><\/defs><path class=\"cls-1\" d=\"M430.41,225.51,76,377.76a26.44,26.44,0,0,1-10.31,2.38c-6.87,0-13-2.66-18.24-7.93q-11.1-13.5-4.76-28.55L101.32,226.3l191.9-23.79-191.9-23.79L42.64,61.36Q36.29,45.51,47.4,32.81,59.3,20.92,76,27.26L431.2,179.51q14.28,7.14,14.28,22.21Q444.68,218.37,430.41,225.51Z\" transform=\"translate(-40.34 -25.06)\"\/><\/svg><\/button>\n\t\t\t\t<\/p>\n\t\t\t<\/div>\n\t\t<\/div>\n\t<\/div>\n<\/div><div class=\"wpcf7-response-output\" aria-hidden=\"true\"><\/div>\n<\/form>\n<\/div>\n    <\/div>\r\n\t\t\t\t<\/div>\n\t\t\t\t<\/div>\n\t\t\t\t\t<\/div>\r\n\t\t\t\t<\/div>\r\n\t\t\t\t<\/div>\n\t\t","protected":false},"excerpt":{"rendered":"<p>birlikte konu\u015fal\u0131m Herhangi bir sorunuz mu var veya proje fikrinizi tart\u0131\u015fmak m\u0131 istiyorsunuz? Bize mesaj g\u00f6nderin; yard\u0131mc\u0131 olmak i\u00e7in buraday\u0131z! \u0130sim XOR SOLUTIONS LIMITED Yasal Adres Flat 44 Ennerdale House, 121 Hamlets Way, London, England, E3 4TY E-posta info@art-galaxy.com \u00c7al\u0131\u015fma S\u00fcresi Monday &#8211; Friday: 9.00am &#8211; 5.00pm \u015eirket Numaras\u0131 15744696 Say\u0131 +44 7427 821324<\/p>\n","protected":false},"author":1,"featured_media":0,"parent":0,"menu_order":0,"comment_status":"closed","ping_status":"closed","template":"","meta":{"footnotes":""},"class_list":["post-20991","page","type-page","status-publish","hentry"],"_links":{"self":[{"href":"https:\/\/art-galaxy.com\/tr\/wp-json\/wp\/v2\/pages\/20991","targetHints":{"allow":["GET"]}}],"collection":[{"href":"https:\/\/art-galaxy.com\/tr\/wp-json\/wp\/v2\/pages"}],"about":[{"href":"https:\/\/art-galaxy.com\/tr\/wp-json\/wp\/v2\/types\/page"}],"author":[{"embeddable":true,"href":"https:\/\/art-galaxy.com\/tr\/wp-json\/wp\/v2\/users\/1"}],"replies":[{"embeddable":true,"href":"https:\/\/art-galaxy.com\/tr\/wp-json\/wp\/v2\/comments?post=20991"}],"version-history":[{"count":19,"href":"https:\/\/art-galaxy.com\/tr\/wp-json\/wp\/v2\/pages\/20991\/revisions"}],"predecessor-version":[{"id":29868,"href":"https:\/\/art-galaxy.com\/tr\/wp-json\/wp\/v2\/pages\/20991\/revisions\/29868"}],"wp:attachment":[{"href":"https:\/\/art-galaxy.com\/tr\/wp-json\/wp\/v2\/media?parent=20991"}],"curies":[{"name":"wp","href":"https:\/\/api.w.org\/{rel}","templated":true}]}}