{"id":20993,"date":"2025-05-26T09:48:02","date_gmt":"2025-05-26T09:48:02","guid":{"rendered":"http:\/\/art-galaxy.com\/sss\/"},"modified":"2025-10-23T07:47:43","modified_gmt":"2025-10-23T07:47:43","slug":"sss","status":"publish","type":"page","link":"https:\/\/art-galaxy.com\/tr\/sss\/","title":{"rendered":"SSS"},"content":{"rendered":"\t\t<div data-elementor-type=\"wp-page\" data-elementor-id=\"20993\" class=\"elementor elementor-20993 elementor-1642\" data-elementor-post-type=\"page\">\n\t\t\t\t<div class=\"elementor-element elementor-element-7349453 e-flex e-con-boxed pxl-row-scroll-none pxl-column-none pxl-full-content-with-space-none e-con e-parent \" data-id=\"7349453\" data-element_type=\"container\">\t\t\t<div class=\"e-con-inner\">\r\n\t\t<div class=\"elementor-element elementor-element-ea4b33d e-con-full wow PXLfadeInUp e-flex pxl-row-scroll-none pxl-column-none pxl-full-content-with-space-none e-con e-child \" data-id=\"ea4b33d\" data-element_type=\"container\">\t\t<div class=\"elementor-element elementor-element-b56d878 elementor-widget elementor-widget-pxl_heading\" data-id=\"b56d878\" data-element_type=\"widget\" data-widget_type=\"pxl_heading.default\">\n\t\t\t\t<div class=\"elementor-widget-container\">\n\t\t\t\t\t\n<div id=\"pxl-pxl_heading-b56d878-5095\" \n\tclass=\"pxl-heading  px-sub-title-default style-default-style \" \n\tdata-pxl-parallax='{&quot;x&quot;:0,&quot;y&quot;:0,&quot;z&quot;:0}'>\n\t<div class=\"pxl-heading--inner\">\n\t\t\n\t\t<h3 class=\"pxl-item--title  style-default    \" data-wow-delay=\"ms\" data-setting=\"\">\n\t\t\t\t\ts\u0131k sorulan sorular\t\n\t\t\t\n\t\t<\/h3>\n\n\t<\/div>\n<\/div>\t\t\t\t<\/div>\n\t\t\t\t<\/div>\n\t\t\t\t<div class=\"elementor-element elementor-element-a22a095 elementor-widget elementor-widget-pxl_divider\" data-id=\"a22a095\" data-element_type=\"widget\" data-widget_type=\"pxl_divider.default\">\n\t\t\t\t<div class=\"elementor-widget-container\">\n\t\t\t\t\t<div class=\"pxl-divider horizontal animated normal\"><div class=\"pxl-divider-separator\"><\/div><\/div>\t\t\t\t<\/div>\n\t\t\t\t<\/div>\n\t\t\t\t<div class=\"elementor-element elementor-element-6e7dcdb elementor-widget elementor-widget-pxl_accordion\" data-id=\"6e7dcdb\" data-element_type=\"widget\" data-widget_type=\"pxl_accordion.default\">\n\t\t\t\t<div class=\"elementor-widget-container\">\n\t\t\t\t\t \r\n    <div class=\"pxl-accordion pxl-accordion1 style2 \" data-wow-delay=\"ms\">\r\n                    <div id=\"accordion-image-1\" class=\"pxl--item   \">\r\n                <h5 class=\"pxl-accordion--title\" data-target=\"#pxl_accordion-6e7dcdb-2433-1595864\">\r\n                                <span class=\"pxl-title--text pxl-pr-20\">Yapay zeka g\u00f6rsellerini nas\u0131l kullanabilirim?<\/span>\r\n\r\n                <i class=\"fas fa-angle-down \"><\/i>\r\n                 \r\n\r\n                \r\n                <\/h5>\r\n                <div id=\"pxl_accordion-6e7dcdb-2433-1595864\" class=\"pxl-accordion--content\" >\r\n                                                                                                                        G\u00f6rsellerimizi pazarlama, web tasar\u0131m\u0131, sosyal medya ve bas\u0131l\u0131 \u00fcr\u00fcnler dahil olmak \u00fczere ki\u015fisel ve ticari projelerinizde kullanabilirsiniz.                                                                <div class=\"pxl-item--social\">\r\n                                             <\/div>\r\n                                            <\/div>\r\n        <\/div>\r\n                <div id=\"accordion-image-2\" class=\"pxl--item   \">\r\n                <h5 class=\"pxl-accordion--title\" data-target=\"#pxl_accordion-6e7dcdb-2433-92859f9\">\r\n                                <span class=\"pxl-title--text pxl-pr-20\">\u0130ste\u011fe ba\u011fl\u0131 olarak g\u00f6rsel sipari\u015f edebilir miyim?<\/span>\r\n\r\n                <i class=\"fas fa-angle-down \"><\/i>\r\n                 \r\n\r\n                \r\n                <\/h5>\r\n                <div id=\"pxl_accordion-6e7dcdb-2433-92859f9\" class=\"pxl-accordion--content\" >\r\n                                                                                                                        Evet! \u00d6zel g\u00f6rsel \u00fcretimi hizmeti sunuyoruz. Bizimle ileti\u015fime ge\u00e7meniz yeterli, ihtiya\u00e7lar\u0131n\u0131za uygun benzersiz bir tasar\u0131m olu\u015fturaca\u011f\u0131z.                                                                <div class=\"pxl-item--social\">\r\n                                             <\/div>\r\n                                            <\/div>\r\n        <\/div>\r\n                <div id=\"accordion-image-3\" class=\"pxl--item   \">\r\n                <h5 class=\"pxl-accordion--title\" data-target=\"#pxl_accordion-6e7dcdb-2433-b635e18\">\r\n                                <span class=\"pxl-title--text pxl-pr-20\">G\u00f6r\u00fcnt\u00fcy\u00fc hangi kalitede alaca\u011f\u0131m?<\/span>\r\n\r\n                <i class=\"fas fa-angle-down \"><\/i>\r\n                 \r\n\r\n                \r\n                <\/h5>\r\n                <div id=\"pxl_accordion-6e7dcdb-2433-b635e18\" class=\"pxl-accordion--content\" >\r\n                                                                                                                        T\u00fcm g\u00f6rseller y\u00fcksek \u00e7\u00f6z\u00fcn\u00fcrl\u00fckte olup bask\u0131 ve dijital kullan\u0131ma uygundur.                                                                <div class=\"pxl-item--social\">\r\n                                             <\/div>\r\n                                            <\/div>\r\n        <\/div>\r\n                <div id=\"accordion-image-4\" class=\"pxl--item   \">\r\n                <h5 class=\"pxl-accordion--title\" data-target=\"#pxl_accordion-6e7dcdb-2433-a19a6fa\">\r\n                                <span class=\"pxl-title--text pxl-pr-20\">G\u00f6r\u00fcnt\u00fcy\u00fc almak ne kadar zaman al\u0131r?<\/span>\r\n\r\n                <i class=\"fas fa-angle-down \"><\/i>\r\n                 \r\n\r\n                \r\n                <\/h5>\r\n                <div id=\"pxl_accordion-6e7dcdb-2433-a19a6fa\" class=\"pxl-accordion--content\" >\r\n                                                                                                                        An\u0131nda! Sat\u0131n ald\u0131ktan hemen sonra g\u00f6rseli indirebilirsiniz.                                                                <div class=\"pxl-item--social\">\r\n                                             <\/div>\r\n                                            <\/div>\r\n        <\/div>\r\n                <div id=\"accordion-image-5\" class=\"pxl--item  active \">\r\n                <h5 class=\"pxl-accordion--title\" data-target=\"#pxl_accordion-6e7dcdb-2433-63ade63\">\r\n                                <span class=\"pxl-title--text pxl-pr-20\">Abonelik veya \u00fcyelik \u00fccreti var m\u0131?<\/span>\r\n\r\n                <i class=\"fas fa-angle-down \"><\/i>\r\n                 \r\n\r\n                \r\n                <\/h5>\r\n                <div id=\"pxl_accordion-6e7dcdb-2433-63ade63\" class=\"pxl-accordion--content\" style=\"display: block;\">\r\n                                                                                                                        \u0130ndirme ba\u015f\u0131na \u00f6deme modelimiz sayesinde yaln\u0131zca ihtiyac\u0131n\u0131z olan g\u00f6rseller i\u00e7in \u00f6deme yapars\u0131n\u0131z. Kredi kart\u0131n\u0131z\u0131 kullanarak hesap bakiyenize para ekleyebilir ve ard\u0131ndan bu bakiyeyi g\u00f6rsel sat\u0131n almak i\u00e7in kullanabilirsiniz.                                                                <div class=\"pxl-item--social\">\r\n                                             <\/div>\r\n                                            <\/div>\r\n        <\/div>\r\n    <\/div>\r\n\t\t\t\t<\/div>\n\t\t\t\t<\/div>\n\t\t\t\t<\/div>\r\n\t\t\t\t\t<\/div>\r\n\t\t\t\t<\/div>\r\n\t\t<div class=\"elementor-element elementor-element-c7463ad e-flex e-con-boxed pxl-row-scroll-none pxl-column-none pxl-full-content-with-space-none e-con e-parent \" data-id=\"c7463ad\" data-element_type=\"container\">\t\t\t<div class=\"e-con-inner\">\r\n\t\t<div class=\"elementor-element elementor-element-08be698 e-con-full pxl-bg-prx-effect-img-distortion e-flex pxl-row-scroll-none pxl-column-none pxl-full-content-with-space-none e-con e-child \" data-id=\"08be698\" data-element_type=\"container\" data-settings=\"{&quot;pxl_parallax_bg_effect_other&quot;:&quot;img-distortion&quot;}\"><div class=\"wrap-img-distortion\"><img decoding=\"async\" class=\"pxl-section-bg-parallax-img\" src=\"https:\/\/art-galaxy.com\/wp-content\/uploads\/2025\/10\/futuristic-robot-listening-music-headphones-min-scaled.webp\" alt=\"Parallax Background\" crossorigin=\"anonymous\"><div class=\"wrap-distort-canvas\"><\/div><\/div>\t\t<div class=\"elementor-element elementor-element-7a93fea elementor-widget__width-initial elementor-hidden-mobile elementor-widget elementor-widget-pxl_icon\" data-id=\"7a93fea\" data-element_type=\"widget\" data-widget_type=\"pxl_icon.default\">\n\t\t\t\t<div class=\"elementor-widget-container\">\n\t\t\t\t\t    <div class=\"pxl-icon-list pxl-icon1  style-7  \" data-wow-delay=\"ms\">\r\n                                    <a class=\"elementor-repeater-item-cdbfefa   \"  >\r\n                                                                <svg xmlns=\"http:\/\/www.w3.org\/2000\/svg\" id=\"Layer_1\" height=\"512\" viewBox=\"0 0 512 512\" width=\"512\"><g id=\"Layer_2_00000135681600193391720410000016501451154193627804_\"><g id=\"Layer_1-2\"><path id=\"_23.Question\" d=\"m256.8 0c-142-.4-257.2 114.8-256.8 256.8.4 140.4 117.5 255.2 257.9 255.2h254.1v-254.1c0-140.4-114.8-257.5-255.2-257.9zm22 386.4c-6.7 5.9-15 8.9-25 8.9s-18.3-3-25-8.9-10-13.5-10-22.7 3.3-16.8 10-22.7 15-8.9 25-8.9 18.3 3 25 8.9 10 13.5 10 22.7-3.4 16.7-10 22.7zm59.2-167.3c-4.1 8.5-10.7 17.2-19.8 26l-21.5 20c-6.1 5.9-10.4 11.9-12.7 18.1-2.4 6.2-3.7 14-3.9 23.5h-53.6c0-18.2 2.1-32.6 6.2-43.1 4.2-10.7 11.1-20.1 20-27.4 9.2-7.7 16.3-14.8 21.1-21.2 4.7-6.1 7.2-13.6 7.2-21.2 0-18.8-8.1-28.3-24.3-28.3-7-.2-13.7 2.8-18.1 8.2-4.6 5.5-7.1 12.9-7.3 22.3h-63.2c.3-25 8.1-44.4 23.6-58.3s37.2-20.9 65.1-20.9c27.8 0 49.4 6.4 64.7 19.3s22.9 31.1 22.9 54.8c-.1 9.7-2.2 19.4-6.4 28.2z\"><\/path><\/g><\/g><\/svg>                                                                <\/a>\r\n                        <\/div>\r\n    \t\t\t\t<\/div>\n\t\t\t\t<\/div>\n\t\t\t\t<\/div>\r\n\t\t<div class=\"elementor-element elementor-element-ec78ed0 e-con-full wow PXLfadeInUp e-flex pxl-row-scroll-none pxl-column-none pxl-full-content-with-space-none e-con e-child \" data-id=\"ec78ed0\" data-element_type=\"container\" data-settings=\"{&quot;background_background&quot;:&quot;classic&quot;}\"><div class=\"elementor-element elementor-element-da82b2b e-con-full e-flex pxl-row-scroll-none pxl-column-none pxl-full-content-with-space-none e-con e-child \" data-id=\"da82b2b\" data-element_type=\"container\">\t\t<div class=\"elementor-element elementor-element-8cc7f77 elementor-widget elementor-widget-pxl_heading\" data-id=\"8cc7f77\" data-element_type=\"widget\" data-widget_type=\"pxl_heading.default\">\n\t\t\t\t<div class=\"elementor-widget-container\">\n\t\t\t\t\t\n<div id=\"pxl-pxl_heading-8cc7f77-5129\" \n\tclass=\"pxl-heading  px-sub-title-default style-default-style \" \n\tdata-pxl-parallax='{&quot;x&quot;:0,&quot;y&quot;:0,&quot;z&quot;:0}'>\n\t<div class=\"pxl-heading--inner\">\n\t\t\n\t\t<h1 class=\"pxl-item--title  style-default ft-gt   \" data-wow-delay=\"ms\" data-setting=\"\">\n\t\t\t\t\tCevab\u0131 bulamad\u0131n\u0131z m\u0131? Sorular\u0131n\u0131z\u0131 bize sorun!\t\n\t\t\t\n\t\t<\/h1>\n\n\t<\/div>\n<\/div>\t\t\t\t<\/div>\n\t\t\t\t<\/div>\n\t\t\t\t<div class=\"elementor-element elementor-element-1fa3feb elementor-widget elementor-widget-pxl_text_editor\" data-id=\"1fa3feb\" data-element_type=\"widget\" data-widget_type=\"pxl_text_editor.default\">\n\t\t\t\t<div class=\"elementor-widget-container\">\n\t\t\t\t\t<div class=\"pxl-text-editor   style-default\" data-setting=\"1\">\n\t<div class=\"pxl-item--inner  \" data-wow-delay=\"ms\">\n\t\t\t<p>\u015eirketimiz veya hizmetlerimiz hakk\u0131nda sorular\u0131n\u0131z varsa bize sorun.<\/p>\t\n\t<\/div>\n<\/div>\n\n<script>\njQuery(document).ready(function($) {\n    let $pageTitleElement = $('#pxl-page-title-elementor');\n\n    if ($pageTitleElement.length) {\n        let sgPostDesText = ``;\n        $pageTitleElement.find('.pxl-item--inner').html(sgPostDesText);\n    }\n});\n<\/script>\n\n\n\t\t\t\t<\/div>\n\t\t\t\t<\/div>\n\t\t<div class=\"elementor-element elementor-element-ccf2c7f e-con-full e-flex pxl-row-scroll-none pxl-column-none pxl-full-content-with-space-none e-con e-child \" data-id=\"ccf2c7f\" data-element_type=\"container\">\t\t<div class=\"elementor-element elementor-element-3655c78 elementor-widget elementor-widget-pxl_button\" data-id=\"3655c78\" data-element_type=\"widget\" data-widget_type=\"pxl_button.default\">\n\t\t\t\t<div class=\"elementor-widget-container\">\n\t\t\t\t\t\r\n<div id=\"pxl-pxl_button-3655c78-7885\"\r\n     class=\"pxl-button pxl-atc-link\"\r\n     data-wow-delay=\"ms\"\r\n     data-pxl-parallax='{&quot;x&quot;:0,&quot;y&quot;:0,&quot;z&quot;:0}'>\r\n\r\n    <a data-cursor-hover\r\n       href=\"\/tr\/contact-us\"       class=\"btn pxl-icon-active btn-border inline pxl-icon--right\"\r\n       data-wow-delay=\"ms\"\r\n       data-target=\".pxl-page-popup-template-0\">\r\n\r\n                                    <svg xmlns=\"http:\/\/www.w3.org\/2000\/svg\" id=\"Layer_1\" height=\"512\" viewBox=\"0 0 20 20\" width=\"512\"><path d=\"m12 2-1.4 1.4 5.6 5.6h-16.2v2h16.2l-5.6 5.6 1.4 1.4 8-8z\" fill=\"rgb(0,0,0)\"><\/path><\/svg>            \r\n        \r\n        \r\n        <span class=\"pxl--btn-text\" data-text=\"bize sorular sorun\">\r\n            <span class=\"chars\"><span class=\"\" style=\"--chars-index:0; --chars-last-index:17;\">b<\/span><span class=\"\" style=\"--chars-index:1; --chars-last-index:16;\">i<\/span><span class=\"\" style=\"--chars-index:2; --chars-last-index:15;\">z<\/span><span class=\"\" style=\"--chars-index:3; --chars-last-index:14;\">e<\/span><span class=\"spacer\" style=\"--chars-index:4; --chars-last-index:13;\">&nbsp;<\/span><span class=\"\" style=\"--chars-index:5; --chars-last-index:12;\">s<\/span><span class=\"\" style=\"--chars-index:6; --chars-last-index:11;\">o<\/span><span class=\"\" style=\"--chars-index:7; --chars-last-index:10;\">r<\/span><span class=\"\" style=\"--chars-index:8; --chars-last-index:9;\">u<\/span><span class=\"\" style=\"--chars-index:9; --chars-last-index:8;\">l<\/span><span class=\"\" style=\"--chars-index:10; --chars-last-index:7;\">a<\/span><span class=\"\" style=\"--chars-index:11; --chars-last-index:6;\">r<\/span><span class=\"spacer\" style=\"--chars-index:12; --chars-last-index:5;\">&nbsp;<\/span><span class=\"\" style=\"--chars-index:13; --chars-last-index:4;\">s<\/span><span class=\"\" style=\"--chars-index:14; --chars-last-index:3;\">o<\/span><span class=\"\" style=\"--chars-index:15; --chars-last-index:2;\">r<\/span><span class=\"\" style=\"--chars-index:16; --chars-last-index:1;\">u<\/span><span class=\"\" style=\"--chars-index:17; --chars-last-index:0;\">n<\/span><\/span>        <\/span>\r\n\r\n        \r\n        \r\n    <\/a>\r\n<\/div>\r\n\t\t\t\t<\/div>\n\t\t\t\t<\/div>\n\t\t\t\t<div class=\"elementor-element elementor-element-6be9f78 elementor-widget elementor-widget-pxl_text_editor\" data-id=\"6be9f78\" data-element_type=\"widget\" data-widget_type=\"pxl_text_editor.default\">\n\t\t\t\t<div class=\"elementor-widget-container\">\n\t\t\t\t\t<div class=\"pxl-text-editor   style-default\" data-setting=\"1\">\n\t<div class=\"pxl-item--inner  ft-gt\" data-wow-delay=\"ms\">\n\t\t\t<p>or \/ <a href=\"mailto:info@art-galaxy.com\">info@art-galaxy.com<\/a><\/p>\t\n\t<\/div>\n<\/div>\n\n<script>\njQuery(document).ready(function($) {\n    let $pageTitleElement = $('#pxl-page-title-elementor');\n\n    if ($pageTitleElement.length) {\n        let sgPostDesText = ``;\n        $pageTitleElement.find('.pxl-item--inner').html(sgPostDesText);\n    }\n});\n<\/script>\n\n\n\t\t\t\t<\/div>\n\t\t\t\t<\/div>\n\t\t\t\t<\/div>\r\n\t\t\t\t<\/div>\r\n\t\t\t\t<\/div>\r\n\t\t\t\t\t<\/div>\r\n\t\t\t\t<\/div>\r\n\t\t\t\t<\/div>\n\t\t","protected":false},"excerpt":{"rendered":"<p>s\u0131k sorulan sorular Yapay zeka g\u00f6rsellerini nas\u0131l kullanabilirim? G\u00f6rsellerimizi pazarlama, web tasar\u0131m\u0131, sosyal medya ve bas\u0131l\u0131 \u00fcr\u00fcnler dahil olmak \u00fczere ki\u015fisel ve ticari projelerinizde kullanabilirsiniz. \u0130ste\u011fe ba\u011fl\u0131 olarak g\u00f6rsel sipari\u015f edebilir miyim? Evet! \u00d6zel g\u00f6rsel \u00fcretimi hizmeti sunuyoruz. Bizimle ileti\u015fime ge\u00e7meniz yeterli, ihtiya\u00e7lar\u0131n\u0131za uygun benzersiz bir tasar\u0131m olu\u015fturaca\u011f\u0131z. G\u00f6r\u00fcnt\u00fcy\u00fc hangi kalitede alaca\u011f\u0131m? T\u00fcm g\u00f6rseller y\u00fcksek [&hellip;]<\/p>\n","protected":false},"author":1,"featured_media":0,"parent":0,"menu_order":0,"comment_status":"closed","ping_status":"closed","template":"","meta":{"footnotes":""},"class_list":["post-20993","page","type-page","status-publish","hentry"],"_links":{"self":[{"href":"https:\/\/art-galaxy.com\/tr\/wp-json\/wp\/v2\/pages\/20993","targetHints":{"allow":["GET"]}}],"collection":[{"href":"https:\/\/art-galaxy.com\/tr\/wp-json\/wp\/v2\/pages"}],"about":[{"href":"https:\/\/art-galaxy.com\/tr\/wp-json\/wp\/v2\/types\/page"}],"author":[{"embeddable":true,"href":"https:\/\/art-galaxy.com\/tr\/wp-json\/wp\/v2\/users\/1"}],"replies":[{"embeddable":true,"href":"https:\/\/art-galaxy.com\/tr\/wp-json\/wp\/v2\/comments?post=20993"}],"version-history":[{"count":9,"href":"https:\/\/art-galaxy.com\/tr\/wp-json\/wp\/v2\/pages\/20993\/revisions"}],"predecessor-version":[{"id":24681,"href":"https:\/\/art-galaxy.com\/tr\/wp-json\/wp\/v2\/pages\/20993\/revisions\/24681"}],"wp:attachment":[{"href":"https:\/\/art-galaxy.com\/tr\/wp-json\/wp\/v2\/media?parent=20993"}],"curies":[{"name":"wp","href":"https:\/\/api.w.org\/{rel}","templated":true}]}}