{"id":24765,"date":"2025-10-16T13:52:25","date_gmt":"2025-10-16T13:52:25","guid":{"rendered":"http:\/\/art-galaxy.com\/sartlar-ve-kosullar\/"},"modified":"2026-02-24T16:59:37","modified_gmt":"2026-02-24T16:59:37","slug":"sartlar-ve-kosullar","status":"publish","type":"page","link":"https:\/\/art-galaxy.com\/tr\/sartlar-ve-kosullar\/","title":{"rendered":"\u015eartlar ve Ko\u015fullar"},"content":{"rendered":"\n<p>XOR Solutions Limited<\/p>\n\n\n\n<p><em>Son g\u00fcncelleme: 27 May\u0131s 2025<\/em><\/p>\n\n\n\n<p>1. Hakk\u0131m\u0131zda<\/p>\n\n\n\n<p>Bu \u015eartlar ve Ko\u015fullar (&#8220;<strong>\u015eartlar<\/strong>&#8220;), <a href=\"https:\/\/art-galaxy.com\/tr\/\">https:\/\/art-galaxy.com<\/a> (&#8220;<strong>Site<\/strong>&#8220;) web sitesinde sunulan indirilebilir komut dosyalar\u0131n\u0131n (&#8220;<strong>Dijital \u0130\u00e7erik&#8221;<\/strong>) sat\u0131\u015f\u0131n\u0131 ve lisanslanmas\u0131n\u0131 d\u00fczenler. Site, kay\u0131tl\u0131 ofisi <strong>Flat 44 Ennerdale House, 121 Hamlets Way, Londra E3 4TY, Birle\u015fik Krall\u0131k<\/strong> adresinde bulunan, \u0130ngiltere ve Galler&#8217;de kurulu bir \u015firket olan <strong>XOR SOLUTIONS LIMITED<\/strong> (\u015eirket No. 15744696) taraf\u0131ndan i\u015fletilmektedir. <\/p>\n\n\n\n<p>Bu \u015eartlar boyunca, &#8220;XOR&#8221;, &#8220;biz&#8221;, &#8220;bize&#8221; ve &#8220;bizim&#8221; ifadeleri XOR SOLUTIONS LIMITED&#8217;i ifade eder. &#8220;M\u00fc\u015fteri&#8221;, &#8220;siz&#8221; veya &#8220;sizin&#8221; ifadeleri Dijital \u0130\u00e7erik al\u0131c\u0131s\u0131n\u0131 ifade eder.<\/p>\n\n\n\n<p>2. Tan\u0131mlar<\/p>\n\n\n\n<ul class=\"wp-block-list\">\n<li>\u201cT\u00fcketici\u201d \u2013 Tamamen veya esas olarak kendi ticareti, i\u015fi veya mesle\u011fi d\u0131\u015f\u0131nda hareket eden ki\u015fi.<\/li>\n\n\n\n<li>\u201cTicari M\u00fc\u015fteri\u201d \u2013 T\u00fcketici olmayan herhangi bir al\u0131c\u0131.<\/li>\n\n\n\n<li>\u201cLisans\u201d \u2013 Dijital \u0130\u00e7eri\u011fin kullan\u0131m\u0131 i\u00e7in Madde 8\u2019de verilen s\u0131n\u0131rl\u0131 hak.<\/li>\n\n\n\n<li>\u201c\u00c7al\u0131\u015fma G\u00fcn\u00fc\u201d \u2013 Pazartesiden Cumaya, \u0130ngiltere&#8217;deki resmi tatiller hari\u00e7.<\/li>\n<\/ul>\n\n\n\n<p>3. Kapsam ve \u015eartlar\u0131n Kabul\u00fc<\/p>\n\n\n\n<p>Sipari\u015f vererek, bu \u015eartlar, Gizlilik Politikam\u0131z, \u00c7erez Politikam\u0131z ve burada a\u00e7\u0131k\u00e7a at\u0131fta bulunulan di\u011fer t\u00fcm belgelere (toplu olarak &#8220;S\u00f6zle\u015fme&#8221;) ba\u011fl\u0131 kalmay\u0131 kabul etmi\u015f olursunuz. Bu \u015eartlar\u0131 kabul etmiyorsan\u0131z, hi\u00e7bir Dijital \u0130\u00e7eri\u011fi indirmemeli veya kullanmamal\u0131s\u0131n\u0131z. <\/p>\n\n\n\n<p>4. Sipari\u015f Verme ve S\u00f6zle\u015fme Olu\u015fturma<\/p>\n\n\n\n<p>4.1 Sipari\u015fler, \u00e7evrimi\u00e7i \u00f6deme i\u015fleminin tamamlanmas\u0131yla verilir. Kabul\u00fc e-posta ile onaylayaca\u011f\u0131z ve bu noktada bir s\u00f6zle\u015fme olu\u015fturulacakt\u0131r.<br>4.2 Herhangi bir sipari\u015fi reddetme veya iptal etme hakk\u0131m\u0131z\u0131 sakl\u0131 tutar\u0131z (\u00f6rne\u011fin, doland\u0131r\u0131c\u0131l\u0131k \u015f\u00fcphesi veya yasal k\u0131s\u0131tlamalar nedeniyle). <\/p>\n\n\n\n<p>5. Fiyatland\u0131rma, D\u00f6viz Kuru ve Vergiler<\/p>\n\n\n\n<p><strong>5.1<\/strong> Fiyatlar EUR, USD, GBP, AUD ve CAD dahil ancak bunlarla s\u0131n\u0131rl\u0131 olmamak \u00fczere birden fazla para biriminde g\u00f6r\u00fcnt\u00fclenebilir. \u00d6deme s\u0131ras\u0131nda g\u00f6sterilen para birimi i\u015flem para birimi olacakt\u0131r. \u00d6demeler, g\u00f6sterilen para biriminde veya EUR cinsinden i\u015fleme al\u0131nabilir; para birimi d\u00f6n\u00fc\u015f\u00fcm\u00fc, i\u015flem tarihindeki ilgili d\u00f6viz kuru \u00fczerinden \u00f6deme sa\u011flay\u0131c\u0131n\u0131z taraf\u0131ndan ger\u00e7ekle\u015ftirilebilir. Bankan\u0131z veya \u00f6deme sa\u011flay\u0131c\u0131n\u0131z taraf\u0131ndan uygulanan kur farklar\u0131, d\u00f6n\u00fc\u015f\u00fcm farklar\u0131 veya ek \u00fccretlerden sorumlu de\u011filiz.<\/p>\n\n\n\n<p><strong>5.2<\/strong> Aksi belirtilmedik\u00e7e, uygulanabilir oldu\u011fu durumlarda fiyatlara Birle\u015fik Krall\u0131k KDV\u2019si (UK VAT) dahildir. Ticari M\u00fc\u015fteri olman\u0131z ve ge\u00e7erli bir KDV numaras\u0131 sa\u011flaman\u0131z halinde, KDV uygulamas\u0131 y\u00fcr\u00fcrl\u00fckteki Birle\u015fik Krall\u0131k vergi mevzuat\u0131na g\u00f6re belirlenecektir. Tersine vergilendirme (reverse charge) mekanizmas\u0131n\u0131n ge\u00e7erli oldu\u011fu durumlarda, ilgili KDV\u2019nin kendi yarg\u0131 alan\u0131nda beyan edilmesi ve \u00f6denmesinden tamamen Ticari M\u00fc\u015fteri sorumludur. Birle\u015fik Krall\u0131k d\u0131\u015f\u0131ndaki makamlar taraf\u0131ndan uygulanabilecek di\u011fer yerel vergiler, har\u00e7lar veya \u00fccretler M\u00fc\u015fteri\u2019nin sorumlulu\u011fundad\u0131r.<\/p>\n\n\n\n<p>6. \u00d6deme<\/p>\n\n\n\n<p>6.1 \u00d6deme s\u0131ras\u0131nda g\u00f6sterilen \u00f6deme y\u00f6ntemlerini kabul ediyoruz. T\u00fcm i\u015flemler g\u00fcvenli \u00fc\u00e7\u00fcnc\u00fc taraf \u00f6deme i\u015flemcileri arac\u0131l\u0131\u011f\u0131yla i\u015flenir; kart bilgilerinizin tamam\u0131n\u0131 saklam\u0131yoruz.<br>6.2 Kullan\u0131lan \u00f6deme y\u00f6nteminin size ait oldu\u011funu veya kullanma yetkinizin oldu\u011funu onayl\u0131yorsunuz. <\/p>\n\n\n\n<p>7. Teslimat ve Eri\u015fim<\/p>\n\n\n\n<p>7.1 Teslimat, an\u0131nda dijital indirme yoluyla ger\u00e7ekle\u015ftirilir. Sipari\u015f onay sayfas\u0131nda ve\/veya e-posta yoluyla g\u00fcvenli bir ba\u011flant\u0131 sa\u011flan\u0131r.<br>7.2 Yedek bir kopya saklaman\u0131z\u0131 \u00f6neririz; eri\u015fim ba\u011flant\u0131lar\u0131 30 g\u00fcn sonra ge\u00e7erlili\u011fini yitirebilir. <\/p>\n\n\n\n<p>8. Lisans Verilmesi ve \u0130zin Verilen Kullan\u0131m<\/p>\n\n\n\n<p>8.1 Tam \u00f6demeyi yapt\u0131ktan sonra, Dijital \u0130\u00e7eri\u011fi yaln\u0131zca kendi dahili i\u015f ama\u00e7lar\u0131n\u0131z veya ki\u015fisel kullan\u0131m\u0131n\u0131z i\u00e7in kullanman\u0131z i\u00e7in size m\u00fcnhas\u0131r olmayan, devredilemez, d\u00fcnya \u00e7ap\u0131nda ve s\u00fcrekli bir lisans veriyoruz.<br>8.2 \u015eunlar\u0131 yapabilirsiniz:<br>a) \u0130\u00e7eri\u011fi kendi \u00e7\u0131kt\u0131lar\u0131n\u0131z i\u00e7in \u00e7al\u0131\u015ft\u0131rabilir, y\u00f6nlendirebilir veya ba\u015fka bir \u015fekilde yapay zeka modellerine girebilirsiniz;<br>b) \u0130\u00e7eri\u011fi dahili i\u015f ak\u0131\u015flar\u0131n\u0131za uyarlayabilirsiniz;<br>c) Kopyalar\u0131 yaln\u0131zca yukar\u0131daki ama\u00e7lar do\u011frultusunda kontrol etti\u011finiz cihazlarda saklayabilirsiniz.<\/p>\n\n\n\n<p>9. Yasaklanm\u0131\u015f Kullan\u0131mlar<\/p>\n\n\n\n<p>\u00d6nceden yaz\u0131l\u0131 onay\u0131n\u0131z olmadan \u015funlar\u0131 yapamazs\u0131n\u0131z:<\/p>\n\n\n\n<ul class=\"wp-block-list\">\n<li>Dijital \u0130\u00e7eri\u011fi veya \u00f6nemli t\u00fcrevlerini yeniden satmak, yeniden da\u011f\u0131tmak, alt lisanslamak, yay\u0131nlamak veya payla\u015fmak;<\/li>\n\n\n\n<li>Dijital \u0130\u00e7eri\u011fin telif hakk\u0131n\u0131 talep edin;<\/li>\n\n\n\n<li>Dijital \u0130\u00e7eri\u011fi, rekabet eden istemli k\u00fct\u00fcphaneleri veya \u00fcretken yapay zeka hizmetlerini geli\u015ftirmek veya e\u011fitmek i\u00e7in kullan\u0131n;<\/li>\n\n\n\n<li>Tescilli bildirimleri kald\u0131r\u0131n;<\/li>\n\n\n\n<li>Dijital \u0130\u00e7eri\u011fi hukuka ayk\u0131r\u0131, iftira niteli\u011finde, ayr\u0131mc\u0131 veya hileli faaliyetler i\u00e7in kullanmay\u0131n.<\/li>\n<\/ul>\n\n\n\n<p>10. G\u00fcncellemeler, De\u011fi\u015fiklikler ve Kullan\u0131labilirlik<\/p>\n\n\n\n<p>10.1 Performans\u0131 veya do\u011frulu\u011fu iyile\u015ftirmek i\u00e7in Dijital \u0130\u00e7eri\u011fi g\u00fcncelleyebiliriz. G\u00fcncellenmi\u015f s\u00fcr\u00fcmler kendi takdirimize ba\u011fl\u0131 olarak sa\u011flanacakt\u0131r.<br>10.2 Sitenin veya herhangi bir Dijital \u0130\u00e7eri\u011fin her zaman eri\u015filebilir veya kesintisiz olaca\u011f\u0131n\u0131 garanti etmiyoruz. <\/p>\n\n\n\n<p>11. Cayma Hakk\u0131 ve \u0130adeler<\/p>\n\n\n\n<p>11.1 T\u00fcketiciler \u2013 Sipari\u015f tarihinden itibaren 14 g\u00fcn i\u00e7inde, indirmeye ba\u015flamad\u0131\u011f\u0131n\u0131z veya Dijital \u0130\u00e7eri\u011fe eri\u015fmedi\u011finiz s\u00fcrece sat\u0131n alma s\u00f6zle\u015fmesinden yasal olarak cayma hakk\u0131n\u0131z bulunmaktad\u0131r (2013 Birle\u015fik Krall\u0131k T\u00fcketici S\u00f6zle\u015fmeleri Y\u00f6netmeli\u011fi ve AB T\u00fcketici Haklar\u0131 Direktifi).<br>11.2 &#8220;\u0130ndir&#8221;e t\u0131klayarak, Dijital \u0130\u00e7eri\u011fin derhal teslim edilmesini a\u00e7\u0131k\u00e7a kabul etmi\u015f ve indirme ba\u015flad\u0131ktan sonra yasal cayma hakk\u0131n\u0131z\u0131n kayboldu\u011funu kabul etmi\u015f olursunuz.<br>11.3 Madde 11.1 veya Madde 12 kapsam\u0131nda geri \u00f6deme almaya hak kazan\u0131rsan\u0131z, onay tarihinden itibaren 14 g\u00fcn i\u00e7inde orijinal \u00f6deme y\u00f6ntemini kullanarak geri \u00f6deme yapaca\u011f\u0131z.<br>11.4 Kurumsal M\u00fc\u015fterilerin otomatik olarak iptal etme hakk\u0131 yoktur; herhangi bir iyi niyet geri \u00f6demesi bizim takdirimizdedir.<\/p>\n\n\n\n<p>12. Kusurlu Dijital \u0130\u00e7erik<\/p>\n\n\n\n<p>12.1 Dijital \u0130\u00e7erik hatal\u0131ysa (\u00f6rne\u011fin, bozuk dosya, hatal\u0131 \u00fcr\u00fcn), 30 g\u00fcn i\u00e7inde bize bildirin. \u0130ste\u011fimize ba\u011fl\u0131 olarak dosyay\u0131 de\u011fi\u015ftirir veya onar\u0131r ya da \u00fccreti iade ederiz.<br>12.2 Bu \u00e7\u00f6z\u00fcm, 2015 tarihli Birle\u015fik Krall\u0131k T\u00fcketici Haklar\u0131 Yasas\u0131 kapsam\u0131ndaki zorunlu haklara ektir. <\/p>\n\n\n\n<p>13. Fikri M\u00fclkiyet Haklar\u0131<\/p>\n\n\n\n<p>Dijital \u0130\u00e7erik ve Site&#8217;deki t\u00fcm fikri m\u00fclkiyet haklar\u0131 bize veya lisans verenlerimize aittir. Madde 8&#8217;deki Lisans, herhangi bir m\u00fclkiyet hakk\u0131n\u0131 devretmez. A\u00e7\u0131k\u00e7a verilmeyen t\u00fcm haklar\u0131 sakl\u0131 tutar\u0131z.  <\/p>\n\n\n\n<p>14. Garanti Reddi<\/p>\n\n\n\n<p>14.1 Dijital \u0130\u00e7erik &#8220;oldu\u011fu gibi&#8221; ve &#8220;mevcut haliyle&#8221; sunulmaktad\u0131r. \u0130\u00e7eri\u011fin \u00f6zel gereksinimlerinizi kar\u015f\u0131layaca\u011f\u0131n\u0131, belirli bir sonuca ula\u015faca\u011f\u0131n\u0131 veya hatas\u0131z olaca\u011f\u0131n\u0131 garanti etmiyoruz.<br>14.2 Bu \u015eartlar&#8217;da a\u00e7\u0131k\u00e7a belirtilenler d\u0131\u015f\u0131nda, t\u00fcm garantiler, beyanlar ve ko\u015fullar (yasal veya ba\u015fka t\u00fcrl\u00fc), yasalar\u0131n izin verdi\u011fi azami \u00f6l\u00e7\u00fcde hari\u00e7 tutulmu\u015ftur. <\/p>\n\n\n\n<p>15. Sorumlulu\u011fun S\u0131n\u0131rland\u0131r\u0131lmas\u0131<\/p>\n\n\n\n<p>15.1 Bu \u015eartlar&#8217;daki hi\u00e7bir h\u00fck\u00fcm, \u00f6l\u00fcm, ki\u015fisel yaralanma, doland\u0131r\u0131c\u0131l\u0131k veya kanunen hari\u00e7 tutulamayan herhangi bir sorumluluktan do\u011fan sorumlulu\u011fu s\u0131n\u0131rlamaz.<br>15.2 15.1&#8217;e tabi olarak, a\u015fa\u011f\u0131dakilerden sorumlu olmayaca\u011f\u0131z:<br>a) k\u00e2r, sat\u0131\u015f, i\u015f veya gelir kayb\u0131;<br>b) i\u015f kesintisi;<br>c) beklenen tasarruf kayb\u0131;<br>d) veri kayb\u0131 veya bozulmas\u0131;<br>e) dolayl\u0131 veya sonu\u00e7sal kay\u0131p.<br>15.3 Her bir sat\u0131n alma i\u015flemi kapsam\u0131nda veya bununla ba\u011flant\u0131l\u0131 olarak toplam sorumlulu\u011fumuz, ilgili Dijital \u0130\u00e7erik i\u00e7in \u00f6denen fiyatla s\u0131n\u0131rl\u0131d\u0131r.<\/p>\n\n\n\n<p>16. Uyumluluk ve Finansal Tavsiye Yok<\/p>\n\n\n\n<p>16.1 Dijital \u0130\u00e7erik finansal kavramlara at\u0131fta bulunabilir ancak yat\u0131r\u0131m, hukuki veya vergi tavsiyesi de\u011fildir; herhangi bir \u00e7\u0131kt\u0131ya g\u00fcvenmeden \u00f6nce profesyonel tavsiye almal\u0131s\u0131n\u0131z.<br>16.2 Dijital \u0130\u00e7eri\u011fi kullan\u0131m\u0131n\u0131z\u0131n, ihracat kontrol\u00fc ve yapt\u0131r\u0131m kurallar\u0131 da dahil olmak \u00fczere yarg\u0131 b\u00f6lgenizdeki t\u00fcm ge\u00e7erli yasa ve d\u00fczenlemelere uygun olmas\u0131n\u0131 sa\u011flamaktan siz sorumlusunuz.<\/p>\n\n\n\n<p>17. Kullan\u0131c\u0131 Hesaplar\u0131 ve G\u00fcvenlik<\/p>\n\n\n\n<p>17.1 Oturum a\u00e7ma bilgilerinizi gizli tutmal\u0131 ve payla\u015fmamal\u0131s\u0131n\u0131z.<br>17.2 Hesab\u0131n\u0131z alt\u0131nda ger\u00e7ekle\u015fen t\u00fcm faaliyetlerden siz sorumlusunuz.<\/p>\n\n\n\n<p>18. Ask\u0131ya Alma ve Fesih<\/p>\n\n\n\n<p>Bu \u015eartlar\u0131 ihlal etmeniz halinde, Lisans\u0131 ve Siteye eri\u015fimi \u00f6nceden haber vermeksizin ask\u0131ya alabilir veya sonland\u0131rabiliriz. Fesih halinde, elinizde bulunan Dijital \u0130\u00e7eri\u011fin t\u00fcm kopyalar\u0131n\u0131 silmelisiniz. <\/p>\n\n\n\n<p>19. Uygulanacak Hukuk ve Yetkili Mahkeme<\/p>\n\n\n\n<p>Bu \u015eartlar ve bunlardan do\u011fan veya bunlarla ba\u011flant\u0131l\u0131 her t\u00fcrl\u00fc uyu\u015fmazl\u0131k veya talep (s\u00f6zle\u015fme d\u0131\u015f\u0131 uyu\u015fmazl\u0131klar ve talepler dahil), <strong>\u0130ngiltere ve Galler hukukuna<\/strong> tabi olacak ve bu hukuka g\u00f6re yorumlanacakt\u0131r.<\/p>\n\n\n\n<p>Bu \u015eartlardan do\u011fan veya bunlarla ba\u011flant\u0131l\u0131 her t\u00fcrl\u00fc uyu\u015fmazl\u0131\u011f\u0131n \u00e7\u00f6z\u00fcm\u00fcnde <strong>\u0130ngiltere ve Galler mahkemeleri m\u00fcnhas\u0131r yetkiye<\/strong> sahiptir.<\/p>\n\n\n\n<p>Birle\u015fik Krall\u0131k\u2019ta ikamet eden T\u00fcketicilerin, y\u00fcr\u00fcrl\u00fckteki Birle\u015fik Krall\u0131k t\u00fcketici mevzuat\u0131 kapsam\u0131nda sahip olduklar\u0131 zorunlu yasal haklar bu madde ile s\u0131n\u0131rland\u0131r\u0131lmaz.<\/p>\n\n\n\n<p>20. Alternatif Uyu\u015fmazl\u0131k \u00c7\u00f6z\u00fcm\u00fc<\/p>\n\n\n\n<p>T\u00fcketiciyseniz ve bir \u015fik\u00e2yetiniz varsa, \u00f6ncelikle Madde 22\u2019de belirtilen ileti\u015fim bilgileri \u00fczerinden bizimle ileti\u015fime ge\u00e7menizi rica ederiz.<\/p>\n\n\n\n<p>Y\u00fcr\u00fcrl\u00fckteki Birle\u015fik Krall\u0131k mevzuat\u0131 kapsam\u0131nda zorunlu olmad\u0131k\u00e7a, herhangi bir alternatif uyu\u015fmazl\u0131k \u00e7\u00f6z\u00fcm mekanizmas\u0131na kat\u0131lma y\u00fck\u00fcml\u00fcl\u00fc\u011f\u00fcm\u00fcz bulunmamaktad\u0131r. Yasal olarak gerekli olmas\u0131 halinde, Birle\u015fik Krall\u0131k\u2019ta onayl\u0131 alternatif uyu\u015fmazl\u0131k \u00e7\u00f6z\u00fcm sa\u011flay\u0131c\u0131lar\u0131na ili\u015fkin bilgiler talep \u00fczerine sunulacakt\u0131r.<\/p>\n\n\n\n<p>21. Bu \u015eartlarda Yap\u0131lan De\u011fi\u015fiklikler<\/p>\n\n\n\n<p>Bu \u015eartlar\u0131 zaman zaman de\u011fi\u015ftirebiliriz. Sipari\u015finiz s\u0131ras\u0131nda Sitede g\u00f6r\u00fcnt\u00fclenen s\u00fcr\u00fcm, s\u00f6z konusu sat\u0131n alma i\u015flemi i\u00e7in ge\u00e7erli olacakt\u0131r. \u00d6nemli de\u011fi\u015fiklikler Sitede ve m\u00fcmk\u00fcn oldu\u011fu durumlarda e-posta yoluyla bildirilecektir.  <\/p>\n\n\n\n<p>22. \u0130leti\u015fim<\/p>\n\n\n\n<p>Sorular\u0131n\u0131z, \u015fikayetleriniz veya yasal haklar\u0131n\u0131z\u0131 kullanmak i\u00e7in bizimle \u015fu adresten ileti\u015fime ge\u00e7ebilirsiniz:<\/p>\n\n\n\n<p><strong>E-posta:<\/strong> <a href=\"mailto:info@art-galaxy.com\">info@art-galaxy.com<\/a><br><strong>Posta:<\/strong> XOR SOLUTIONS LIMITED, Flat 44 Ennerdale House, 121 Hamlets Way, Londra E3 4TY, Birle\u015fik Krall\u0131k<\/p>\n\n\n\n<p>23. S\u00fcr\u00fcm Bilgileri<\/p>\n\n\n\n<p><em>S\u00fcr\u00fcm 1.0 \u2013 27 May\u0131s 2025&#8217;te yay\u0131mland\u0131. \u201cart-galaxy\u201d veya di\u011fer varl\u0131klara at\u0131fta bulunan \u00f6nceki \u015eartlar\u0131n yerini al\u0131r. <\/em><\/p>\n","protected":false},"excerpt":{"rendered":"<p>XOR Solutions Limited Son g\u00fcncelleme: 27 May\u0131s 2025 1. Hakk\u0131m\u0131zda Bu \u015eartlar ve Ko\u015fullar (&#8220;\u015eartlar&#8220;), https:\/\/art-galaxy.com (&#8220;Site&#8220;) web sitesinde sunulan indirilebilir komut dosyalar\u0131n\u0131n (&#8220;Dijital \u0130\u00e7erik&#8221;) sat\u0131\u015f\u0131n\u0131 ve lisanslanmas\u0131n\u0131 d\u00fczenler. Site, kay\u0131tl\u0131 ofisi Flat 44 Ennerdale House, 121 Hamlets Way, Londra E3 4TY, Birle\u015fik Krall\u0131k adresinde bulunan, \u0130ngiltere ve Galler&#8217;de kurulu bir \u015firket olan XOR SOLUTIONS [&hellip;]<\/p>\n","protected":false},"author":1,"featured_media":0,"parent":0,"menu_order":0,"comment_status":"closed","ping_status":"closed","template":"","meta":{"footnotes":""},"class_list":["post-24765","page","type-page","status-publish","hentry"],"_links":{"self":[{"href":"https:\/\/art-galaxy.com\/tr\/wp-json\/wp\/v2\/pages\/24765","targetHints":{"allow":["GET"]}}],"collection":[{"href":"https:\/\/art-galaxy.com\/tr\/wp-json\/wp\/v2\/pages"}],"about":[{"href":"https:\/\/art-galaxy.com\/tr\/wp-json\/wp\/v2\/types\/page"}],"author":[{"embeddable":true,"href":"https:\/\/art-galaxy.com\/tr\/wp-json\/wp\/v2\/users\/1"}],"replies":[{"embeddable":true,"href":"https:\/\/art-galaxy.com\/tr\/wp-json\/wp\/v2\/comments?post=24765"}],"version-history":[{"count":2,"href":"https:\/\/art-galaxy.com\/tr\/wp-json\/wp\/v2\/pages\/24765\/revisions"}],"predecessor-version":[{"id":29736,"href":"https:\/\/art-galaxy.com\/tr\/wp-json\/wp\/v2\/pages\/24765\/revisions\/29736"}],"wp:attachment":[{"href":"https:\/\/art-galaxy.com\/tr\/wp-json\/wp\/v2\/media?parent=24765"}],"curies":[{"name":"wp","href":"https:\/\/api.w.org\/{rel}","templated":true}]}}