{"id":24769,"date":"2025-10-16T13:51:23","date_gmt":"2025-10-16T13:51:23","guid":{"rendered":"http:\/\/art-galaxy.com\/gizlilik-politikasi\/"},"modified":"2025-11-19T14:36:34","modified_gmt":"2025-11-19T14:36:34","slug":"gizlilik-politikasi","status":"publish","type":"page","link":"https:\/\/art-galaxy.com\/tr\/gizlilik-politikasi\/","title":{"rendered":"Gizlilik Politikas\u0131"},"content":{"rendered":"\n<p>XOR Solutions Limited<\/p>\n\n<p><em>Y\u00fcr\u00fcrl\u00fck tarihi: 27 May\u0131s 2025<\/em><\/p>\n\n<p>1. Biz Kimiz \u2013 Veri Denetleyicisi<\/p>\n\n<p>Bu Gizlilik Politikas\u0131 (&#8220;Politika&#8221;), XOR SOLUTIONS LIMITED&#8217;in (&#8220;XOR&#8221;, &#8220;biz&#8221;, &#8220;bize&#8221;) <a href=\"https:\/\/art-galaxycom\/\">https:\/\/art-galaxy.com<\/a> adresini ziyaret etti\u011finizde veya indirilebilir AI-prompt dosyalar\u0131 (&#8220;Dijital \u0130\u00e7erik&#8221;) sat\u0131n ald\u0131\u011f\u0131n\u0131zda ki\u015fisel verileri nas\u0131l toplad\u0131\u011f\u0131n\u0131, kulland\u0131\u011f\u0131n\u0131, payla\u015ft\u0131\u011f\u0131n\u0131 ve korudu\u011funu a\u00e7\u0131klamaktad\u0131r.<br\/>XOR SOLUTIONS LIMITED, kay\u0131tl\u0131 ofisi Flat 44 Ennerdale House, 121 Hamlets Way, Londra E3 4TY, Birle\u015fik Krall\u0131k adresinde bulunan, \u0130ngiltere ve Galler&#8217;de kurulmu\u015f bir \u015firkettir (\u015eirket No. 15744696).<br\/>GDPR\/BK-GDPR ama\u00e7lar\u0131 do\u011frultusunda, veri denetleyicisi biziz.<\/p>\n\n<p>2. \u0130\u015fledi\u011fimiz Ki\u015fisel Veriler<\/p>\n\n<figure class=\"wp-block-table\"><table class=\"has-fixed-layout\"><tbody><tr><td><strong>Kategori<\/strong><\/td><td><strong>Tipik \u00f6\u011feler<\/strong><\/td><td><strong>Kaynak<\/strong><\/td><td><strong>Yasal dayanak (Madde 6 Birle\u015fik Krall\u0131k-GDPR)<\/strong><\/td><\/tr><tr><td><strong>Kimlik ve \u0130leti\u015fim<\/strong><\/td><td>Ad, e-posta, posta adresi, telefon<\/td><td>\u00d6deme, ileti\u015fim formu (isim, e-posta, mesaj bilgilerini yakalar)<\/td><td>S\u00f6zle\u015fme; Me\u015fru Menfaat<\/td><\/tr><tr><td><strong>Hesap<\/strong><\/td><td>Kullan\u0131c\u0131 ad\u0131, \u015fifrelenmi\u015f parola, sat\u0131n alma ge\u00e7mi\u015fi<\/td><td>Kay\u0131t \/ \u00f6deme<\/td><td>S\u00f6zle\u015fme<\/td><\/tr><tr><td><strong>\u0130\u015flem<\/strong><\/td><td>Sipari\u015f Kimli\u011fi, tutar, para birimi, \u00f6deme belirteci (son 4 hane), KDV bilgisi<\/td><td>PSP&#8217;ler (\u00f6rne\u011fin Stripe \/ PayPal)<\/td><td>S\u00f6zle\u015fme; Yasal Y\u00fck\u00fcml\u00fcl\u00fck<\/td><\/tr><tr><td><strong>Teknik<\/strong><\/td><td>IP adresi, taray\u0131c\u0131, i\u015fletim sistemi, cihaz kimli\u011fi, saat dilimi<\/td><td>Site g\u00fcnl\u00fckleri, g\u00fcvenlik ara\u00e7lar\u0131<\/td><td>Me\u015fru Menfaat<\/td><\/tr><tr><td><strong>Kullan\u0131m \/ Analiz<\/strong><\/td><td>Sayfa g\u00f6r\u00fcnt\u00fclemeleri, t\u0131klama ak\u0131\u015f\u0131, al\u0131\u015fveri\u015f sepeti etkinli\u011fi, y\u00f6nlendiren URL<\/td><td>WooCommerce ve WordPress analiz kodu<\/td><td>Onay (gerekli olmayan \u00e7erezler); Me\u015fru Menfaat<\/td><\/tr><tr><td><strong>Pazarlama Tercihleri<\/strong><\/td><td>Onay durumu, posta listesi etkile\u015fimleri<\/td><td>Haber b\u00fcltenine kaydolun<\/td><td>Onay<\/td><\/tr><\/tbody><\/table><\/figure>\n\n<p>\u00d6zel kategorideki verileri veya 16 ya\u015f\u0131n alt\u0131ndaki \u00e7ocuklara ait verileri bilerek toplam\u0131yoruz.<\/p>\n\n<p>3. Verileri Nas\u0131l Topluyoruz?<\/p>\n\n<ul class=\"wp-block-list\">\n<li>Do\u011frudan sizden \u2013 bir hesap olu\u015fturdu\u011funuzda, \u00f6demeyi tamamlad\u0131\u011f\u0131n\u0131zda, bir ileti\u015fim formu g\u00f6nderdi\u011finizde veya pazarlamaya kaydoldu\u011funuzda.<\/li>\n\n\n\n<li>Otomatik olarak \u2013 \u00e7erezler, pikseller ve benzeri teknolojiler arac\u0131l\u0131\u011f\u0131yla (bkz. B\u00f6l\u00fcm 6).<\/li>\n\n\n\n<li>\u00dc\u00e7\u00fcnc\u00fc taraf sa\u011flay\u0131c\u0131lardan \u2013 \u00f6deme i\u015flemcilerimiz s\u0131n\u0131rl\u0131 i\u015flem meta verilerini iletir; analitik sat\u0131c\u0131lar\u0131 toplu kullan\u0131m \u00f6l\u00e7\u00fcmleri sa\u011flar.<\/li>\n<\/ul>\n\n<p>4. Ama\u00e7lar ve Yasal Temeller<\/p>\n\n<figure class=\"wp-block-table\"><table class=\"has-fixed-layout\"><tbody><tr><td><strong>Ama\u00e7<\/strong><\/td><td><strong>Yasal dayanak<\/strong><\/td><\/tr><tr><td>Sipari\u015fleri yerine getirin, indirmeler sa\u011flay\u0131n, faturalar d\u00fczenleyin<\/td><td>S\u00f6zle\u015fme (Madde 6 (1)(b)) <\/td><\/tr><tr><td>Sorulara ve destek biletlerine yan\u0131t verin<\/td><td>S\u00f6zle\u015fme; Me\u015fru Menfaat<\/td><\/tr><tr><td>Doland\u0131r\u0131c\u0131l\u0131\u011f\u0131 \u00f6nleyin, Siteyi g\u00fcvence alt\u0131na al\u0131n, yedekleri koruyun<\/td><td>Me\u015fru Menfaat (BT g\u00fcvenli\u011fi)<\/td><\/tr><tr><td>Vergi, muhasebe ve yapt\u0131r\u0131m d\u00fczenlemelerine uyum sa\u011flay\u0131n<\/td><td>Yasal Y\u00fck\u00fcml\u00fcl\u00fck (Madde 6 (1)(c)) <\/td><\/tr><tr><td>\u00dcr\u00fcn g\u00fcncellemelerini ve pazarlamay\u0131 g\u00f6nderin<\/td><td>Onay (kat\u0131l\u0131m; Madde 6 (1)(a))<\/td><\/tr><tr><td>\u00dcr\u00fcnleri, kullan\u0131c\u0131 deneyimini ve analizleri iyile\u015ftirin<\/td><td>Me\u015fru Menfaat; Temel Olmayan \u00c7erezlere \u0130li\u015fkin Onay<\/td><\/tr><\/tbody><\/table><\/figure>\n\n<p>Me\u015fru menfaatlere dayand\u0131\u011f\u0131m\u0131zda, menfaatlerimizi sizin haklar\u0131n\u0131z ve \u00f6zg\u00fcrl\u00fcklerinizle dengeliyoruz.<\/p>\n\n<p>5. Payla\u015f\u0131m ve A\u00e7\u0131klama<\/p>\n\n<p>Ki\u015fisel verileri yaln\u0131zca \u015funlarla payla\u015f\u0131yoruz:<\/p>\n\n<ul class=\"wp-block-list\">\n<li>\u0130\u015flemleri ger\u00e7ekle\u015ftirmek i\u00e7in \u00f6deme hizmeti sa\u011flay\u0131c\u0131lar\u0131.<\/li>\n\n\n\n<li>Bar\u0131nd\u0131rma ve BT sat\u0131c\u0131lar\u0131 (AB merkezli sunucular; WordPress \/ WooCommerce y\u0131\u011f\u0131n\u0131).<\/li>\n\n\n\n<li>Toplu site \u00f6l\u00e7\u00fcmleri i\u00e7in analiz sa\u011flay\u0131c\u0131lar\u0131 (\u00f6rne\u011fin Google Analytics).<\/li>\n\n\n\n<li>Profesyonel dan\u0131\u015fmanlar (avukatlar, muhasebeciler, denet\u00e7iler).<\/li>\n\n\n\n<li>Yasal olarak gerekli oldu\u011funda d\u00fczenleyiciler veya kolluk kuvvetleri.<\/li>\n<\/ul>\n\n<p>T\u00fcm i\u015flemciler, Birle\u015fik Krall\u0131k GDPR&#8217;nin 28. maddesindeki standartlar\u0131 kar\u015f\u0131layan s\u00f6zle\u015fmelere ba\u011fl\u0131d\u0131r.<\/p>\n\n<p>6. \u00c7erezler ve Benzeri Teknolojiler<\/p>\n\n<p>Temel i\u015flevsellik i\u00e7in temel \u00e7erezleri, analiz ve pazarlama i\u00e7in ise iste\u011fe ba\u011fl\u0131 \u00e7erezleri kullan\u0131yoruz. \u0130lk ziyaretinizde ayr\u0131nt\u0131l\u0131 bir onay bildirimi g\u00f6r\u00fcnt\u00fclenir. T\u00fcm ayr\u0131nt\u0131lar \u00c7erez Politikam\u0131zda yer almaktad\u0131r. Onay\u0131n\u0131z\u0131 istedi\u011finiz zaman bildirim ayarlar\u0131 arac\u0131l\u0131\u011f\u0131yla geri \u00e7ekebilirsiniz.   <\/p>\n\n<p>7. Uluslararas\u0131 Transferler<\/p>\n\n<p>Baz\u0131 tedarik\u00e7iler Birle\u015fik Krall\u0131k\/AEA d\u0131\u015f\u0131nda bulunmaktad\u0131r (\u00f6rne\u011fin, ABD merkezli analiz sa\u011flay\u0131c\u0131lar\u0131). Transferlerin ger\u00e7ekle\u015fti\u011fi durumlarda \u015funlara g\u00fcveniyoruz: <\/p>\n\n<ul class=\"wp-block-list\">\n<li>Yeterlilik kararlar\u0131 (\u00f6rne\u011fin AB-ABD Veri Gizlili\u011fi \u00c7er\u00e7evesi) veya<\/li>\n\n\n\n<li>Tamamlay\u0131c\u0131 \u00f6nlemler i\u00e7eren Standart S\u00f6zle\u015fme Maddeleri (SCC&#8217;ler).<\/li>\n<\/ul>\n\n<p>8. Veri G\u00fcvenli\u011fi<\/p>\n\n<p>A\u015fa\u011f\u0131dakiler de dahil olmak \u00fczere orant\u0131l\u0131 teknik ve organizasyonel \u00f6nlemleri uyguluyoruz:<\/p>\n\n<ul class=\"wp-block-list\">\n<li>Aktar\u0131m s\u0131ras\u0131nda TLS \u015fifrelemesi;<\/li>\n\n\n\n<li>WordPress \u00e7ekirde\u011fi ve eklentilerinin d\u00fczenli olarak yamalanmas\u0131;<\/li>\n\n\n\n<li>Rol tabanl\u0131 eri\u015fim kontrolleri;<\/li>\n\n\n\n<li>Site d\u0131\u015f\u0131 \u015fifrelenmi\u015f yedeklemeler;<\/li>\n\n\n\n<li>PCI-DSS uyumlu \u00f6deme i\u015flemleri (kart verileri hi\u00e7bir zaman sunucular\u0131m\u0131za ula\u015fmaz).<\/li>\n<\/ul>\n\n<p>9. Saklama S\u00fcreleri<\/p>\n\n<figure class=\"wp-block-table\"><table class=\"has-fixed-layout\"><tbody><tr><td><strong>Veri seti<\/strong><\/td><td><strong>Saklama kural\u0131<\/strong><\/td><\/tr><tr><td>Sipari\u015f ve fatura kay\u0131tlar\u0131<\/td><td>Mali y\u0131l\u0131n bitiminden itibaren 6 y\u0131l (HMRC gereklilikleri)<\/td><\/tr><tr><td>M\u00fc\u015fteri hesab\u0131<\/td><td>Hesap mevcut oldu\u011fu s\u00fcrece aktiftir; kapat\u0131ld\u0131ktan sonraki 30 g\u00fcn i\u00e7inde silinir<\/td><\/tr><tr><td>Pazarlama onay g\u00fcnl\u00fckleri<\/td><td>Onay geri \u00e7ekilene kadar + denetim i\u00e7in 2 y\u0131l<\/td><\/tr><tr><td>\u0130leti\u015fim formu yaz\u0131\u015fmalar\u0131<\/td><td>Son yan\u0131t tarihinden itibaren 12 ay<\/td><\/tr><tr><td>Analitik veriler<\/td><td>26 ay (Google Analytics varsay\u0131lan\u0131)<\/td><\/tr><\/tbody><\/table><\/figure>\n\n<p>Bu s\u00fcrelerin \u00f6tesinde istatistiksel ama\u00e7larla verileri anonimle\u015ftirebiliriz.<\/p>\n\n<p>10. Haklar\u0131n\u0131z<\/p>\n\n<p>Birle\u015fik Krall\u0131k GDPR \/ GDPR kapsam\u0131nda \u015funlar\u0131 yapabilirsiniz:<\/p>\n\n<ul class=\"wp-block-list\">\n<li>Verilerinize eri\u015fin;<\/li>\n\n\n\n<li>Yanl\u0131\u015f verileri d\u00fczeltin;<\/li>\n\n\n\n<li>Verilerin silinmesi (\u201cunutulma hakk\u0131\u201d);<\/li>\n\n\n\n<li>\u0130\u015flemeyi s\u0131n\u0131rlamak veya i\u015fleme itiraz etmek;<\/li>\n\n\n\n<li>Verileri ba\u015fka bir sa\u011flay\u0131c\u0131ya ta\u015f\u0131y\u0131n;<\/li>\n\n\n\n<li>\u0130stedi\u011finiz zaman onay\u0131 geri \u00e7ekebilirsiniz (pazarlama ve \u00e7erezler);<\/li>\n\n\n\n<li>Bilgi Komiserli\u011fi Ofisi&#8217;ne (ICO) veya yerel AB denetim otoritesine \u015fikayette bulunun.<\/li>\n<\/ul>\n\n<p>Talepler \u00fccretsizdir ve a\u015fa\u011f\u0131daki ileti\u015fim bilgilerinden yap\u0131labilir.<\/p>\n\n<p>11. \u00c7ocuklar<\/p>\n\n<p>Site 16 ya\u015f\u0131n alt\u0131ndaki \u00e7ocuklara y\u00f6nelik de\u011fildir. Bilerek verilerini toplam\u0131yoruz; toplad\u0131\u011f\u0131m\u0131z\u0131 \u00f6\u011frenirsek, derhal silece\u011fiz.<\/p>\n\n<p>12. Bu Politikadaki De\u011fi\u015fiklikler<\/p>\n\n<p>Bu Politikay\u0131 zaman zaman g\u00fcncelleyebiliriz. \u00d6nemli de\u011fi\u015fiklikler Sitede vurgulanacak ve m\u00fcmk\u00fcn oldu\u011funda e-posta yoluyla bildirilecektir.<\/p>\n\n<p>13. \u0130leti\u015fim ve Veri Koruma G\u00f6revlisi<\/p>\n\n<p>Gizlilikle ilgili sorular\u0131n\u0131z veya haklar\u0131n\u0131z\u0131 kullanmak i\u00e7in \u015fu adrese ba\u015fvurun:<\/p>\n\n<p>Veri Koruma G\u00f6revlisi<br\/>XOR SOLUTIONS LIMITED<br\/>E-posta: <a href=\"mailto:privacy@art-galaxy.com\">privacy@art-galaxy.com<\/a><br\/>Posta Adresi: Flat 44 Ennerdale House, 121 Hamlets Way, Londra E3 4TY, Birle\u015fik Krall\u0131k<\/p>\n\n<p>Memnun kalmazsan\u0131z ICO&#8217;ya (<a href=\"http:\/\/www.ico.org.uk\">www.ico.org.uk<\/a>) \u015fikayette bulunabilirsiniz.<\/p>\n\n<p>S\u00fcr\u00fcm 1.0 \u2013 27 May\u0131s 2025<br\/>Art-galaxy.com veya \u00f6nceki \u015fablonlar\u0131nda daha \u00f6nce g\u00f6r\u00fcnt\u00fclenen t\u00fcm gizlilik bildirimlerinin yerini al\u0131r.<\/p>\n","protected":false},"excerpt":{"rendered":"<p>XOR Solutions Limited Y\u00fcr\u00fcrl\u00fck tarihi: 27 May\u0131s 2025 1. Biz Kimiz \u2013 Veri Denetleyicisi Bu Gizlilik Politikas\u0131 (&#8220;Politika&#8221;), XOR SOLUTIONS LIMITED&#8217;in (&#8220;XOR&#8221;, &#8220;biz&#8221;, &#8220;bize&#8221;) https:\/\/art-galaxy.com adresini ziyaret etti\u011finizde veya indirilebilir AI-prompt dosyalar\u0131 (&#8220;Dijital \u0130\u00e7erik&#8221;) sat\u0131n ald\u0131\u011f\u0131n\u0131zda ki\u015fisel verileri nas\u0131l toplad\u0131\u011f\u0131n\u0131, kulland\u0131\u011f\u0131n\u0131, payla\u015ft\u0131\u011f\u0131n\u0131 ve korudu\u011funu a\u00e7\u0131klamaktad\u0131r.XOR SOLUTIONS LIMITED, kay\u0131tl\u0131 ofisi Flat 44 Ennerdale House, 121 Hamlets [&hellip;]<\/p>\n","protected":false},"author":1,"featured_media":0,"parent":0,"menu_order":0,"comment_status":"closed","ping_status":"open","template":"","meta":{"footnotes":""},"class_list":["post-24769","page","type-page","status-publish","hentry"],"_links":{"self":[{"href":"https:\/\/art-galaxy.com\/tr\/wp-json\/wp\/v2\/pages\/24769","targetHints":{"allow":["GET"]}}],"collection":[{"href":"https:\/\/art-galaxy.com\/tr\/wp-json\/wp\/v2\/pages"}],"about":[{"href":"https:\/\/art-galaxy.com\/tr\/wp-json\/wp\/v2\/types\/page"}],"author":[{"embeddable":true,"href":"https:\/\/art-galaxy.com\/tr\/wp-json\/wp\/v2\/users\/1"}],"replies":[{"embeddable":true,"href":"https:\/\/art-galaxy.com\/tr\/wp-json\/wp\/v2\/comments?post=24769"}],"version-history":[{"count":1,"href":"https:\/\/art-galaxy.com\/tr\/wp-json\/wp\/v2\/pages\/24769\/revisions"}],"predecessor-version":[{"id":24770,"href":"https:\/\/art-galaxy.com\/tr\/wp-json\/wp\/v2\/pages\/24769\/revisions\/24770"}],"wp:attachment":[{"href":"https:\/\/art-galaxy.com\/tr\/wp-json\/wp\/v2\/media?parent=24769"}],"curies":[{"name":"wp","href":"https:\/\/api.w.org\/{rel}","templated":true}]}}