{"id":29751,"date":"2026-02-25T11:39:44","date_gmt":"2026-02-25T11:39:44","guid":{"rendered":"https:\/\/art-galaxy.com\/digital-product-fulfillment-policy\/"},"modified":"2026-02-25T11:48:06","modified_gmt":"2026-02-25T11:48:06","slug":"digital-product-fulfillment-policy","status":"publish","type":"page","link":"https:\/\/art-galaxy.com\/tr\/digital-product-fulfillment-policy\/","title":{"rendered":"Dijital \u00dcr\u00fcn Teslimat Politikas\u0131"},"content":{"rendered":"\n<p>Bu web sitesinde bulunan t\u00fcm \u00fcr\u00fcnler yaln\u0131zca dijital formatta sunulmaktad\u0131r.<\/p>\n\n\n\n<p>Fiziksel \u00fcr\u00fcn g\u00f6nderimi veya teslimat\u0131 yapm\u0131yoruz.<\/p>\n\n\n\n<p>\u00d6demeniz ba\u015far\u0131yla i\u015flendikten sonra, sat\u0131n ald\u0131\u011f\u0131n\u0131z dijital i\u00e7eri\u011fe a\u015fa\u011f\u0131daki y\u00f6ntemlerden biriyle an\u0131nda eri\u015fim sa\u011flan\u0131r:<\/p>\n\n\n\n<p>e-posta adresinize g\u00f6nderilen bir indirme ba\u011flant\u0131s\u0131 veya<\/p>\n\n\n\n<p>web sitemizdeki ki\u015fisel hesab\u0131n\u0131z \u00fczerinden do\u011frudan eri\u015fim.<\/p>\n\n\n\n<p>\u00d6deme onay\u0131ndan sonra 24 saat i\u00e7inde eri\u015fim sa\u011flanmazsa, l\u00fctfen yard\u0131m i\u00e7in info@art-galaxy.com adresinden destek ekibimizle ileti\u015fime ge\u00e7in.<\/p>\n","protected":false},"excerpt":{"rendered":"<p>Bu web sitesinde bulunan t\u00fcm \u00fcr\u00fcnler yaln\u0131zca dijital formatta sunulmaktad\u0131r. Fiziksel \u00fcr\u00fcn g\u00f6nderimi veya teslimat\u0131 yapm\u0131yoruz. \u00d6demeniz ba\u015far\u0131yla i\u015flendikten sonra, sat\u0131n ald\u0131\u011f\u0131n\u0131z dijital i\u00e7eri\u011fe a\u015fa\u011f\u0131daki y\u00f6ntemlerden biriyle an\u0131nda eri\u015fim sa\u011flan\u0131r: e-posta adresinize g\u00f6nderilen bir indirme ba\u011flant\u0131s\u0131 veya web sitemizdeki ki\u015fisel hesab\u0131n\u0131z \u00fczerinden do\u011frudan eri\u015fim. \u00d6deme onay\u0131ndan sonra 24 saat i\u00e7inde eri\u015fim sa\u011flanmazsa, l\u00fctfen yard\u0131m i\u00e7in [&hellip;]<\/p>\n","protected":false},"author":1,"featured_media":0,"parent":0,"menu_order":0,"comment_status":"closed","ping_status":"closed","template":"","meta":{"footnotes":""},"class_list":["post-29751","page","type-page","status-publish","hentry"],"_links":{"self":[{"href":"https:\/\/art-galaxy.com\/tr\/wp-json\/wp\/v2\/pages\/29751","targetHints":{"allow":["GET"]}}],"collection":[{"href":"https:\/\/art-galaxy.com\/tr\/wp-json\/wp\/v2\/pages"}],"about":[{"href":"https:\/\/art-galaxy.com\/tr\/wp-json\/wp\/v2\/types\/page"}],"author":[{"embeddable":true,"href":"https:\/\/art-galaxy.com\/tr\/wp-json\/wp\/v2\/users\/1"}],"replies":[{"embeddable":true,"href":"https:\/\/art-galaxy.com\/tr\/wp-json\/wp\/v2\/comments?post=29751"}],"version-history":[{"count":1,"href":"https:\/\/art-galaxy.com\/tr\/wp-json\/wp\/v2\/pages\/29751\/revisions"}],"predecessor-version":[{"id":29752,"href":"https:\/\/art-galaxy.com\/tr\/wp-json\/wp\/v2\/pages\/29751\/revisions\/29752"}],"wp:attachment":[{"href":"https:\/\/art-galaxy.com\/tr\/wp-json\/wp\/v2\/media?parent=29751"}],"curies":[{"name":"wp","href":"https:\/\/api.w.org\/{rel}","templated":true}]}}