{"id":21376,"date":"2025-10-17T12:13:36","date_gmt":"2025-10-17T12:13:36","guid":{"rendered":"http:\/\/art-galaxy.com\/product\/kizil-pece\/"},"modified":"2026-02-24T16:04:43","modified_gmt":"2026-02-24T16:04:43","slug":"kizil-pece","status":"publish","type":"product","link":"https:\/\/art-galaxy.com\/tr\/urun\/kizil-pece\/","title":{"rendered":"K\u0131z\u0131l Pe\u00e7e"},"content":{"rendered":"","protected":false},"excerpt":{"rendered":"","protected":false},"featured_media":20940,"comment_status":"open","ping_status":"closed","template":"","meta":[],"product_brand":[],"product_cat":[130],"product_tag":[],"class_list":{"0":"post-21376","1":"product","2":"type-product","3":"status-publish","4":"has-post-thumbnail","6":"product_cat-titan-yuzeyi","8":"first","9":"instock","10":"shipping-taxable","11":"purchasable","12":"product-type-variable"},"_links":{"self":[{"href":"https:\/\/art-galaxy.com\/tr\/wp-json\/wp\/v2\/product\/21376","targetHints":{"allow":["GET"]}}],"collection":[{"href":"https:\/\/art-galaxy.com\/tr\/wp-json\/wp\/v2\/product"}],"about":[{"href":"https:\/\/art-galaxy.com\/tr\/wp-json\/wp\/v2\/types\/product"}],"replies":[{"embeddable":true,"href":"https:\/\/art-galaxy.com\/tr\/wp-json\/wp\/v2\/comments?post=21376"}],"wp:featuredmedia":[{"embeddable":true,"href":"https:\/\/art-galaxy.com\/tr\/wp-json\/wp\/v2\/media\/20940"}],"wp:attachment":[{"href":"https:\/\/art-galaxy.com\/tr\/wp-json\/wp\/v2\/media?parent=21376"}],"wp:term":[{"taxonomy":"product_brand","embeddable":true,"href":"https:\/\/art-galaxy.com\/tr\/wp-json\/wp\/v2\/product_brand?post=21376"},{"taxonomy":"product_cat","embeddable":true,"href":"https:\/\/art-galaxy.com\/tr\/wp-json\/wp\/v2\/product_cat?post=21376"},{"taxonomy":"product_tag","embeddable":true,"href":"https:\/\/art-galaxy.com\/tr\/wp-json\/wp\/v2\/product_tag?post=21376"}],"curies":[{"name":"wp","href":"https:\/\/api.w.org\/{rel}","templated":true}]}}