{"id":21689,"date":"2025-10-17T12:11:57","date_gmt":"2025-10-17T12:11:57","guid":{"rendered":"http:\/\/art-galaxy.com\/product\/gunes-isigi-sehri\/"},"modified":"2026-02-24T16:06:47","modified_gmt":"2026-02-24T16:06:47","slug":"gunes-isigi-sehri","status":"publish","type":"product","link":"https:\/\/art-galaxy.com\/tr\/urun\/gunes-isigi-sehri\/","title":{"rendered":"G\u00fcne\u015f I\u015f\u0131\u011f\u0131 \u015eehri"},"content":{"rendered":"","protected":false},"excerpt":{"rendered":"","protected":false},"featured_media":20837,"comment_status":"open","ping_status":"closed","template":"","meta":[],"product_brand":[],"product_cat":[132],"product_tag":[],"class_list":{"0":"post-21689","1":"product","2":"type-product","3":"status-publish","4":"has-post-thumbnail","6":"product_cat-gunes-mimarlari","8":"first","9":"instock","10":"shipping-taxable","11":"purchasable","12":"product-type-variable"},"_links":{"self":[{"href":"https:\/\/art-galaxy.com\/tr\/wp-json\/wp\/v2\/product\/21689","targetHints":{"allow":["GET"]}}],"collection":[{"href":"https:\/\/art-galaxy.com\/tr\/wp-json\/wp\/v2\/product"}],"about":[{"href":"https:\/\/art-galaxy.com\/tr\/wp-json\/wp\/v2\/types\/product"}],"replies":[{"embeddable":true,"href":"https:\/\/art-galaxy.com\/tr\/wp-json\/wp\/v2\/comments?post=21689"}],"wp:featuredmedia":[{"embeddable":true,"href":"https:\/\/art-galaxy.com\/tr\/wp-json\/wp\/v2\/media\/20837"}],"wp:attachment":[{"href":"https:\/\/art-galaxy.com\/tr\/wp-json\/wp\/v2\/media?parent=21689"}],"wp:term":[{"taxonomy":"product_brand","embeddable":true,"href":"https:\/\/art-galaxy.com\/tr\/wp-json\/wp\/v2\/product_brand?post=21689"},{"taxonomy":"product_cat","embeddable":true,"href":"https:\/\/art-galaxy.com\/tr\/wp-json\/wp\/v2\/product_cat?post=21689"},{"taxonomy":"product_tag","embeddable":true,"href":"https:\/\/art-galaxy.com\/tr\/wp-json\/wp\/v2\/product_tag?post=21689"}],"curies":[{"name":"wp","href":"https:\/\/api.w.org\/{rel}","templated":true}]}}