{"id":22593,"date":"2025-10-17T12:09:23","date_gmt":"2025-10-17T12:09:23","guid":{"rendered":"http:\/\/art-galaxy.com\/product\/yorungesel-suruklenme\/"},"modified":"2026-02-24T16:08:46","modified_gmt":"2026-02-24T16:08:46","slug":"yorungesel-suruklenme","status":"publish","type":"product","link":"https:\/\/art-galaxy.com\/tr\/urun\/yorungesel-suruklenme\/","title":{"rendered":"Y\u00f6r\u00fcngesel S\u00fcr\u00fcklenme"},"content":{"rendered":"","protected":false},"excerpt":{"rendered":"","protected":false},"featured_media":20660,"comment_status":"open","ping_status":"closed","template":"","meta":[],"product_brand":[],"product_cat":[134],"product_tag":[],"class_list":{"0":"post-22593","1":"product","2":"type-product","3":"status-publish","4":"has-post-thumbnail","6":"product_cat-yorunge-kolonileri","8":"first","9":"instock","10":"shipping-taxable","11":"purchasable","12":"product-type-variable"},"_links":{"self":[{"href":"https:\/\/art-galaxy.com\/tr\/wp-json\/wp\/v2\/product\/22593","targetHints":{"allow":["GET"]}}],"collection":[{"href":"https:\/\/art-galaxy.com\/tr\/wp-json\/wp\/v2\/product"}],"about":[{"href":"https:\/\/art-galaxy.com\/tr\/wp-json\/wp\/v2\/types\/product"}],"replies":[{"embeddable":true,"href":"https:\/\/art-galaxy.com\/tr\/wp-json\/wp\/v2\/comments?post=22593"}],"wp:featuredmedia":[{"embeddable":true,"href":"https:\/\/art-galaxy.com\/tr\/wp-json\/wp\/v2\/media\/20660"}],"wp:attachment":[{"href":"https:\/\/art-galaxy.com\/tr\/wp-json\/wp\/v2\/media?parent=22593"}],"wp:term":[{"taxonomy":"product_brand","embeddable":true,"href":"https:\/\/art-galaxy.com\/tr\/wp-json\/wp\/v2\/product_brand?post=22593"},{"taxonomy":"product_cat","embeddable":true,"href":"https:\/\/art-galaxy.com\/tr\/wp-json\/wp\/v2\/product_cat?post=22593"},{"taxonomy":"product_tag","embeddable":true,"href":"https:\/\/art-galaxy.com\/tr\/wp-json\/wp\/v2\/product_tag?post=22593"}],"curies":[{"name":"wp","href":"https:\/\/api.w.org\/{rel}","templated":true}]}}