{"id":22984,"date":"2025-10-17T12:08:00","date_gmt":"2025-10-17T12:08:00","guid":{"rendered":"http:\/\/art-galaxy.com\/product\/isiltili-yay\/"},"modified":"2026-02-24T16:10:24","modified_gmt":"2026-02-24T16:10:24","slug":"isiltili-yay","status":"publish","type":"product","link":"https:\/\/art-galaxy.com\/tr\/urun\/isiltili-yay\/","title":{"rendered":"I\u015f\u0131lt\u0131l\u0131 Yay"},"content":{"rendered":"","protected":false},"excerpt":{"rendered":"","protected":false},"featured_media":20560,"comment_status":"open","ping_status":"closed","template":"","meta":[],"product_brand":[],"product_cat":[138],"product_tag":[],"class_list":{"0":"post-22984","1":"product","2":"type-product","3":"status-publish","4":"has-post-thumbnail","6":"product_cat-neon-metropolis-tr","8":"first","9":"instock","10":"shipping-taxable","11":"purchasable","12":"product-type-variable"},"_links":{"self":[{"href":"https:\/\/art-galaxy.com\/tr\/wp-json\/wp\/v2\/product\/22984","targetHints":{"allow":["GET"]}}],"collection":[{"href":"https:\/\/art-galaxy.com\/tr\/wp-json\/wp\/v2\/product"}],"about":[{"href":"https:\/\/art-galaxy.com\/tr\/wp-json\/wp\/v2\/types\/product"}],"replies":[{"embeddable":true,"href":"https:\/\/art-galaxy.com\/tr\/wp-json\/wp\/v2\/comments?post=22984"}],"wp:featuredmedia":[{"embeddable":true,"href":"https:\/\/art-galaxy.com\/tr\/wp-json\/wp\/v2\/media\/20560"}],"wp:attachment":[{"href":"https:\/\/art-galaxy.com\/tr\/wp-json\/wp\/v2\/media?parent=22984"}],"wp:term":[{"taxonomy":"product_brand","embeddable":true,"href":"https:\/\/art-galaxy.com\/tr\/wp-json\/wp\/v2\/product_brand?post=22984"},{"taxonomy":"product_cat","embeddable":true,"href":"https:\/\/art-galaxy.com\/tr\/wp-json\/wp\/v2\/product_cat?post=22984"},{"taxonomy":"product_tag","embeddable":true,"href":"https:\/\/art-galaxy.com\/tr\/wp-json\/wp\/v2\/product_tag?post=22984"}],"curies":[{"name":"wp","href":"https:\/\/api.w.org\/{rel}","templated":true}]}}