{"id":23945,"date":"2025-10-10T10:58:03","date_gmt":"2025-10-10T10:58:03","guid":{"rendered":"http:\/\/art-galaxy.com\/product\/yildiz-isigi-armadasi\/"},"modified":"2026-02-24T16:14:15","modified_gmt":"2026-02-24T16:14:15","slug":"yildiz-isigi-armadasi","status":"publish","type":"product","link":"https:\/\/art-galaxy.com\/tr\/urun\/yildiz-isigi-armadasi\/","title":{"rendered":"Y\u0131ld\u0131z I\u015f\u0131\u011f\u0131 Armadas\u0131"},"content":{"rendered":"","protected":false},"excerpt":{"rendered":"","protected":false},"featured_media":20188,"comment_status":"open","ping_status":"closed","template":"","meta":[],"product_brand":[],"product_cat":[142],"product_tag":[],"class_list":{"0":"post-23945","1":"product","2":"type-product","3":"status-publish","4":"has-post-thumbnail","6":"product_cat-uzay","8":"first","9":"instock","10":"shipping-taxable","11":"purchasable","12":"product-type-variable"},"_links":{"self":[{"href":"https:\/\/art-galaxy.com\/tr\/wp-json\/wp\/v2\/product\/23945","targetHints":{"allow":["GET"]}}],"collection":[{"href":"https:\/\/art-galaxy.com\/tr\/wp-json\/wp\/v2\/product"}],"about":[{"href":"https:\/\/art-galaxy.com\/tr\/wp-json\/wp\/v2\/types\/product"}],"replies":[{"embeddable":true,"href":"https:\/\/art-galaxy.com\/tr\/wp-json\/wp\/v2\/comments?post=23945"}],"wp:featuredmedia":[{"embeddable":true,"href":"https:\/\/art-galaxy.com\/tr\/wp-json\/wp\/v2\/media\/20188"}],"wp:attachment":[{"href":"https:\/\/art-galaxy.com\/tr\/wp-json\/wp\/v2\/media?parent=23945"}],"wp:term":[{"taxonomy":"product_brand","embeddable":true,"href":"https:\/\/art-galaxy.com\/tr\/wp-json\/wp\/v2\/product_brand?post=23945"},{"taxonomy":"product_cat","embeddable":true,"href":"https:\/\/art-galaxy.com\/tr\/wp-json\/wp\/v2\/product_cat?post=23945"},{"taxonomy":"product_tag","embeddable":true,"href":"https:\/\/art-galaxy.com\/tr\/wp-json\/wp\/v2\/product_tag?post=23945"}],"curies":[{"name":"wp","href":"https:\/\/api.w.org\/{rel}","templated":true}]}}