{"id":24016,"date":"2025-10-10T10:58:25","date_gmt":"2025-10-10T10:58:25","guid":{"rendered":"http:\/\/art-galaxy.com\/product\/kuyruklu-yildiz-kuyrugunun-hayaleti\/"},"modified":"2026-02-24T16:14:02","modified_gmt":"2026-02-24T16:14:02","slug":"kuyruklu-yildiz-kuyrugunun-hayaleti","status":"publish","type":"product","link":"https:\/\/art-galaxy.com\/tr\/urun\/kuyruklu-yildiz-kuyrugunun-hayaleti\/","title":{"rendered":"Kuyruklu Y\u0131ld\u0131z Kuyru\u011funun Hayaleti"},"content":{"rendered":"","protected":false},"excerpt":{"rendered":"","protected":false},"featured_media":20206,"comment_status":"open","ping_status":"closed","template":"","meta":[],"product_brand":[],"product_cat":[143],"product_tag":[],"class_list":{"0":"post-24016","1":"product","2":"type-product","3":"status-publish","4":"has-post-thumbnail","6":"product_cat-yaratiklar","8":"first","9":"instock","10":"shipping-taxable","11":"purchasable","12":"product-type-variable"},"_links":{"self":[{"href":"https:\/\/art-galaxy.com\/tr\/wp-json\/wp\/v2\/product\/24016","targetHints":{"allow":["GET"]}}],"collection":[{"href":"https:\/\/art-galaxy.com\/tr\/wp-json\/wp\/v2\/product"}],"about":[{"href":"https:\/\/art-galaxy.com\/tr\/wp-json\/wp\/v2\/types\/product"}],"replies":[{"embeddable":true,"href":"https:\/\/art-galaxy.com\/tr\/wp-json\/wp\/v2\/comments?post=24016"}],"wp:featuredmedia":[{"embeddable":true,"href":"https:\/\/art-galaxy.com\/tr\/wp-json\/wp\/v2\/media\/20206"}],"wp:attachment":[{"href":"https:\/\/art-galaxy.com\/tr\/wp-json\/wp\/v2\/media?parent=24016"}],"wp:term":[{"taxonomy":"product_brand","embeddable":true,"href":"https:\/\/art-galaxy.com\/tr\/wp-json\/wp\/v2\/product_brand?post=24016"},{"taxonomy":"product_cat","embeddable":true,"href":"https:\/\/art-galaxy.com\/tr\/wp-json\/wp\/v2\/product_cat?post=24016"},{"taxonomy":"product_tag","embeddable":true,"href":"https:\/\/art-galaxy.com\/tr\/wp-json\/wp\/v2\/product_tag?post=24016"}],"curies":[{"name":"wp","href":"https:\/\/api.w.org\/{rel}","templated":true}]}}