{"id":24145,"date":"2025-10-10T10:59:29","date_gmt":"2025-10-10T10:59:29","guid":{"rendered":"http:\/\/art-galaxy.com\/product\/krediler\/"},"modified":"2026-03-18T14:59:10","modified_gmt":"2026-03-18T14:59:10","slug":"krediler","status":"publish","type":"product","link":"https:\/\/art-galaxy.com\/tr\/urun\/krediler\/","title":{"rendered":"Krediler"},"content":{"rendered":"<p data-start=\"18\" data-end=\"90\">Krediler, platformda g\u00f6rseller olu\u015fturmak i\u00e7in kullan\u0131lan dahili tokenlard\u0131r.<\/p>\n<p data-start=\"92\" data-end=\"124\"><strong data-start=\"92\" data-end=\"124\">1 kredi = 1 olu\u015fturulmu\u015f foto\u011fraf<\/strong><\/p>\n<p data-start=\"126\" data-end=\"256\">Kredi sat\u0131n ald\u0131ktan sonra, krediler an\u0131nda hesap bakiyenize eklenir ve sitede istedi\u011finiz zaman g\u00f6rsel olu\u015fturmak i\u00e7in kullan\u0131labilir.<\/p>\n<p data-start=\"258\" data-end=\"275\"><strong data-start=\"258\" data-end=\"275\">\u00c7al\u0131\u015fma prensibi \u015fu \u015fekildedir:<\/strong><\/p>\n<ul class=\"cr\">\n<li data-start=\"279\" data-end=\"312\"><strong data-start=\"279\" data-end=\"312\">\u2022 1 kredi = 1 foto\u011fraf olu\u015fturma<\/strong><\/li>\n<li data-start=\"315\" data-end=\"376\">\u2022 G\u00f6rsel olu\u015fturdu\u011funuzda krediler otomatik olarak d\u00fc\u015f\u00fcl\u00fcr.<\/li>\n<li data-start=\"379\" data-end=\"448\">\u2022 Sat\u0131n al\u0131nan krediler \u00f6deme yap\u0131ld\u0131ktan hemen sonra hesab\u0131n\u0131za eklenir.<\/li>\n<li data-start=\"451\" data-end=\"501\">\u2022 Krediler kullan\u0131lana kadar bakiyenizde kal\u0131r.<\/li>\n<\/ul>\n<p data-start=\"503\" data-end=\"551\" data-is-last-node=\"\" data-is-only-node=\"\">\u00d6rnek:<br data-start=\"515\" data-end=\"518\">15 kredi = 15 olu\u015fturulmu\u015f foto\u011fraf.<\/p>\n","protected":false},"excerpt":{"rendered":"<p data-start=\"18\" data-end=\"90\">Krediler, platformda g\u00f6rseller olu\u015fturmak i\u00e7in kullan\u0131lan dahili tokenlard\u0131r.<\/p>\n<p data-start=\"92\" data-end=\"124\"><strong data-start=\"92\" data-end=\"124\">1 kredi = 1 olu\u015fturulmu\u015f foto\u011fraf<\/strong><\/p>\n<p data-start=\"126\" data-end=\"256\">Kredi sat\u0131n ald\u0131ktan sonra, krediler an\u0131nda hesap bakiyenize eklenir ve sitede istedi\u011finiz zaman g\u00f6rsel olu\u015fturmak i\u00e7in kullan\u0131labilir.<\/p>\n<p data-start=\"258\" data-end=\"275\"><strong data-start=\"258\" data-end=\"275\">\u00c7al\u0131\u015fma prensibi \u015fu \u015fekildedir:<\/strong><\/p>\n<ul data-start=\"277\" data-end=\"501\" class=\"cr\">\n<li data-section-id=\"cy7uoi\" data-start=\"277\" data-end=\"312\">\n<p data-start=\"279\" data-end=\"312\"><strong data-start=\"279\" data-end=\"312\">1 kredi = 1 foto\u011fraf olu\u015fturma<\/strong><\/p>\n<\/li>\n<li data-section-id=\"7rbd9z\" data-start=\"313\" data-end=\"376\">\n<p data-start=\"315\" data-end=\"376\">G\u00f6rsel olu\u015fturdu\u011funuzda krediler otomatik olarak d\u00fc\u015f\u00fcl\u00fcr.<\/p>\n<\/li>\n<li data-section-id=\"1e2w4e6\" data-start=\"377\" data-end=\"448\">\n<p data-start=\"379\" data-end=\"448\">Sat\u0131n al\u0131nan krediler \u00f6deme yap\u0131ld\u0131ktan hemen sonra hesab\u0131n\u0131za eklenir.<\/p>\n<\/li>\n<li data-section-id=\"fp9o4h\" data-start=\"449\" data-end=\"501\">\n<p data-start=\"451\" data-end=\"501\">Krediler kullan\u0131lana kadar bakiyenizde kal\u0131r.<\/p>\n<\/li>\n<\/ul>\n<p data-start=\"503\" data-end=\"551\" data-is-last-node=\"\" data-is-only-node=\"\">\u00d6rnek:<br data-start=\"515\" data-end=\"518\">15 kredi = 15 olu\u015fturulmu\u015f foto\u011fraf.<\/p>\n","protected":false},"featured_media":29823,"comment_status":"open","ping_status":"closed","template":"","meta":[],"product_brand":[],"product_cat":[145],"product_tag":[],"class_list":{"0":"post-24145","1":"product","2":"type-product","3":"status-publish","4":"has-post-thumbnail","6":"product_cat-uncategorized-tr-2","8":"first","9":"instock","10":"shipping-taxable","11":"purchasable","12":"product-type-simple"},"_links":{"self":[{"href":"https:\/\/art-galaxy.com\/tr\/wp-json\/wp\/v2\/product\/24145","targetHints":{"allow":["GET"]}}],"collection":[{"href":"https:\/\/art-galaxy.com\/tr\/wp-json\/wp\/v2\/product"}],"about":[{"href":"https:\/\/art-galaxy.com\/tr\/wp-json\/wp\/v2\/types\/product"}],"replies":[{"embeddable":true,"href":"https:\/\/art-galaxy.com\/tr\/wp-json\/wp\/v2\/comments?post=24145"}],"wp:featuredmedia":[{"embeddable":true,"href":"https:\/\/art-galaxy.com\/tr\/wp-json\/wp\/v2\/media\/29823"}],"wp:attachment":[{"href":"https:\/\/art-galaxy.com\/tr\/wp-json\/wp\/v2\/media?parent=24145"}],"wp:term":[{"taxonomy":"product_brand","embeddable":true,"href":"https:\/\/art-galaxy.com\/tr\/wp-json\/wp\/v2\/product_brand?post=24145"},{"taxonomy":"product_cat","embeddable":true,"href":"https:\/\/art-galaxy.com\/tr\/wp-json\/wp\/v2\/product_cat?post=24145"},{"taxonomy":"product_tag","embeddable":true,"href":"https:\/\/art-galaxy.com\/tr\/wp-json\/wp\/v2\/product_tag?post=24145"}],"curies":[{"name":"wp","href":"https:\/\/api.w.org\/{rel}","templated":true}]}}